{"id":851,"date":"2026-05-16T21:29:33","date_gmt":"2026-05-16T19:29:33","guid":{"rendered":"https:\/\/ouilleallegre.fr\/?page_id=851"},"modified":"2026-05-16T21:40:57","modified_gmt":"2026-05-16T19:40:57","slug":"emeline-conce-lou-chang-aurelie-allexandre-dalbronn","status":"publish","type":"page","link":"https:\/\/ouilleallegre.fr\/index.php\/emeline-conce-lou-chang-aurelie-allexandre-dalbronn\/","title":{"rendered":"Emeline Conc\u00e9 &#8211; Lou Chang &#8211; Aur\u00e9lie Allexandre d&rsquo;Albronn"},"content":{"rendered":"\n<div class=\"wp-block-columns is-layout-flex wp-container-core-columns-is-layout-28f84493 wp-block-columns-is-layout-flex\">\n<div class=\"wp-block-column is-layout-flow wp-block-column-is-layout-flow\">\n<h2 class=\"wp-block-heading has-text-align-center\">Emeline Conc\u00e9<\/h2>\n\n\n\n<figure class=\"wp-block-image aligncenter size-full is-resized\"><img loading=\"lazy\" decoding=\"async\" width=\"1707\" height=\"2560\" src=\"http:\/\/ouilleallegre.fr\/wp-content\/uploads\/2025\/06\/Emeline-Conce-photo-credit-photo-AnneBied--scaled.jpg\" alt=\"Emeline Conc\u00e9 avec son violon.\" class=\"wp-image-648\" style=\"width:400px\" srcset=\"https:\/\/ouilleallegre.fr\/wp-content\/uploads\/2025\/06\/Emeline-Conce-photo-credit-photo-AnneBied--scaled.jpg 1707w, https:\/\/ouilleallegre.fr\/wp-content\/uploads\/2025\/06\/Emeline-Conce-photo-credit-photo-AnneBied--200x300.jpg 200w, https:\/\/ouilleallegre.fr\/wp-content\/uploads\/2025\/06\/Emeline-Conce-photo-credit-photo-AnneBied--683x1024.jpg 683w, https:\/\/ouilleallegre.fr\/wp-content\/uploads\/2025\/06\/Emeline-Conce-photo-credit-photo-AnneBied--768x1152.jpg 768w, https:\/\/ouilleallegre.fr\/wp-content\/uploads\/2025\/06\/Emeline-Conce-photo-credit-photo-AnneBied--1024x1536.jpg 1024w, https:\/\/ouilleallegre.fr\/wp-content\/uploads\/2025\/06\/Emeline-Conce-photo-credit-photo-AnneBied--1365x2048.jpg 1365w\" sizes=\"auto, (max-width: 1707px) 100vw, 1707px\" \/><\/figure>\n\n\n\n<p class=\"has-text-align-center has-small-font-size\">\u00a9 Anne Bied<\/p>\n<\/div>\n<\/div>\n\n\n\n<div class=\"wp-block-columns is-layout-flex wp-container-core-columns-is-layout-28f84493 wp-block-columns-is-layout-flex\">\n<div class=\"wp-block-column is-layout-flow wp-block-column-is-layout-flow\">\n<p>Pleine de gaiet\u00e9 et d\u2019\u00e9nergie, la violoniste \u00c9meline Conc\u00e9 s\u2019\u00e9panouit dans la musique de chambre. Membre de l\u2019ECMA, elle a pour mentors Hatto Beyerle et Johannes Meissl et a fait ses \u00e9tudes au CNSMDP dans les classes de Svetlin Roussev et Vladimir Mendelssohn.<\/p>\n\n\n\n<p>En 2011, elle fonde le Quatuor Akilone avec lequel elle gagne en 2016 le premier prix du 8e concours international de quatuor \u00e0 cordes de Bordeaux ainsi que le prix Proquartet. Gr\u00e2ce au quatuor elle se produit en France, en Europe et au Japon. \u00c9meline aime \u00e9galement jouer dans d\u2019autres formations, notamment avec sa complice l\u2019altiste Gabrielle Lafait avec qui elles forment le duo Svadistana depuis 2011. La violoniste a \u00e9galement le plaisir de s\u2019associer lors de festivals \u00e0 de nombreux artistes comme Anne Le Bozec, Alain Meunier, G\u00e9rard Causs\u00e9, Pierre Foucheneret, Louis Rodde, Flore Merlin, Violaine Despeyroux \u2026<\/p>\n\n\n\n<p>Engag\u00e9e dans la transmission de la musique, \u00c9meline a la joie de partager celle-ci dans divers cadres (prisons, h\u00f4pitaux, centres d\u2019addictologie, \u00e9coles, centres de r\u00e9fugi\u00e9s\u2026) lors de concerts, pr\u00e9sentations ou ateliers notamment au sein des Concerts de poche et de Musethica.<\/p>\n\n\n\n<p>Quel plaisir aussi pour la violoniste d\u2019\u00eatre au sein de formations orchestrales ! Cheffe d\u2019attaque des seconds violons de l\u2019Orchestre Lamoureux depuis 2012 et r\u00e9guli\u00e8rement invit\u00e9e \u00e0 ce poste au sein de l\u2019Orchestre National de Lille depuis 2022, \u00c9meline est heureuse de rejoindre l\u2019Orchestre de Chambre de Paris en tant que violon tuttiste en 2023.<\/p>\n<\/div>\n<\/div>\n\n\n\n<hr class=\"wp-block-separator has-alpha-channel-opacity\"\/>\n\n\n\n<div class=\"wp-block-columns is-layout-flex wp-container-core-columns-is-layout-28f84493 wp-block-columns-is-layout-flex\">\n<div class=\"wp-block-column is-layout-flow wp-block-column-is-layout-flow\">\n<h2 class=\"wp-block-heading has-text-align-center\">Lou Yung-Hsin Chang<\/h2>\n\n\n\n<figure class=\"wp-block-image aligncenter size-full is-resized\"><img loading=\"lazy\" decoding=\"async\" width=\"2048\" height=\"1362\" src=\"http:\/\/ouilleallegre.fr\/wp-content\/uploads\/2026\/05\/PHOTO-Credit-Jean-Baptiste-Millot.jpg\" alt=\"\" class=\"wp-image-859\" style=\"width:400px\" srcset=\"https:\/\/ouilleallegre.fr\/wp-content\/uploads\/2026\/05\/PHOTO-Credit-Jean-Baptiste-Millot.jpg 2048w, https:\/\/ouilleallegre.fr\/wp-content\/uploads\/2026\/05\/PHOTO-Credit-Jean-Baptiste-Millot-300x200.jpg 300w, https:\/\/ouilleallegre.fr\/wp-content\/uploads\/2026\/05\/PHOTO-Credit-Jean-Baptiste-Millot-1024x681.jpg 1024w, https:\/\/ouilleallegre.fr\/wp-content\/uploads\/2026\/05\/PHOTO-Credit-Jean-Baptiste-Millot-768x511.jpg 768w, https:\/\/ouilleallegre.fr\/wp-content\/uploads\/2026\/05\/PHOTO-Credit-Jean-Baptiste-Millot-1536x1022.jpg 1536w\" sizes=\"auto, (max-width: 2048px) 100vw, 2048px\" \/><\/figure>\n\n\n\n<p class=\"has-text-align-center has-small-font-size\">\u00a9 Jean-Baptiste Millot<\/p>\n<\/div>\n<\/div>\n\n\n\n<div class=\"wp-block-columns is-layout-flex wp-container-core-columns-is-layout-28f84493 wp-block-columns-is-layout-flex\">\n<div class=\"wp-block-column is-layout-flow wp-block-column-is-layout-flow\">\n<p>Altiste franco-ta\u00efwanaise, Lou Yung-Hsin Chang m\u00e8ne une carri\u00e8re riche, marqu\u00e9e par dix-huit ann\u00e9es de d\u00e9vouement au Quatuor Herm\u00e8s, dont elle est membre fondatrice. Avec cette formation, elle a remport\u00e9 les plus hautes distinctions, notamment le Premier Prix du Concours de Gen\u00e8ve (2011) et le Premier Prix des Young Concert Artists \u00e0 New York (2012). Elle a rayonn\u00e9 sur les plus grandes sc\u00e8nes internationales telles que le Carnegie Hall de New York, le Wigmore Hall de Londres ou le Terrace Theater (Kennedy Center) de Washington D.C., et ses enregistrements ont \u00e9t\u00e9 salu\u00e9s par la critique fran\u00e7aise et internationale.<\/p>\n\n\n\n<p>Sa personnalit\u00e9 musicale a \u00e9t\u00e9 profond\u00e9ment forg\u00e9e aupr\u00e8s de ma\u00eetres tels que Tasso Adamopoulos, Hartmut Rohde et Miguel da Silva. Elle a \u00e9galement b\u00e9n\u00e9fici\u00e9 du soutien et des conseils pr\u00e9cieux d&rsquo;Alfred Brendel pendant de longues ann\u00e9es. Sensible \u00e0 son talent, le grand pianiste a suivi son \u00e9volution avec une attention particuli\u00e8re, marquant durablement sa vision de l\u2019interpr\u00e9tation. Par le pass\u00e9, elle a partag\u00e9 la sc\u00e8ne avec des artistes de renom comme Maria Jo\u00e3o Pires, Nicholas Angelich, Renaud Capu\u00e7on, Anne Gastinel, Philippe Cassard ou les quatuors \u00c9b\u00e8ne et Ardeo. Dipl\u00f4m\u00e9e du CNSM de Lyon et de l\u2019Universit\u00e9 des Arts de Berlin, elle est membre de l\u2019Orchestre de la Garde R\u00e9publicaine depuis f\u00e9vrier 2022. Elle s&rsquo;investit d\u00e9sormais dans des projets de musique de chambre vari\u00e9s et rejoint notamment l\u2019Ensemble Les Illuminations.<\/p>\n\n\n\n<p>Lou Chang joue un alto fabriqu\u00e9 pour elle par le luthier Jean-Baptiste Ferrier (Paris) en 2023.<\/p>\n<\/div>\n<\/div>\n\n\n\n<hr class=\"wp-block-separator has-alpha-channel-opacity\"\/>\n\n\n\n<div class=\"wp-block-columns is-layout-flex wp-container-core-columns-is-layout-28f84493 wp-block-columns-is-layout-flex\">\n<div class=\"wp-block-column is-layout-flow wp-block-column-is-layout-flow\">\n<h2 class=\"wp-block-heading has-text-align-center\">Aur\u00e9lie Allexandre d&rsquo;Albronn<\/h2>\n\n\n\n<figure class=\"wp-block-image aligncenter size-full is-resized\"><img loading=\"lazy\" decoding=\"async\" width=\"1299\" height=\"1947\" src=\"http:\/\/ouilleallegre.fr\/wp-content\/uploads\/2025\/06\/Photo-A.Allexandre-dAlbronn-copyright-Letizia-Le-Fur-copie.jpeg\" alt=\"Aur\u00e9lie Allexandre d'Albronn avec son violoncelle.\" class=\"wp-image-652\" style=\"width:400px\" srcset=\"https:\/\/ouilleallegre.fr\/wp-content\/uploads\/2025\/06\/Photo-A.Allexandre-dAlbronn-copyright-Letizia-Le-Fur-copie.jpeg 1299w, https:\/\/ouilleallegre.fr\/wp-content\/uploads\/2025\/06\/Photo-A.Allexandre-dAlbronn-copyright-Letizia-Le-Fur-copie-200x300.jpeg 200w, https:\/\/ouilleallegre.fr\/wp-content\/uploads\/2025\/06\/Photo-A.Allexandre-dAlbronn-copyright-Letizia-Le-Fur-copie-683x1024.jpeg 683w, https:\/\/ouilleallegre.fr\/wp-content\/uploads\/2025\/06\/Photo-A.Allexandre-dAlbronn-copyright-Letizia-Le-Fur-copie-768x1151.jpeg 768w, https:\/\/ouilleallegre.fr\/wp-content\/uploads\/2025\/06\/Photo-A.Allexandre-dAlbronn-copyright-Letizia-Le-Fur-copie-1025x1536.jpeg 1025w\" sizes=\"auto, (max-width: 1299px) 100vw, 1299px\" \/><\/figure>\n\n\n\n<p class=\"has-text-align-center has-small-font-size\">\u00a9 Letizia Le Fur<\/p>\n<\/div>\n<\/div>\n\n\n\n<div class=\"wp-block-columns is-layout-flex wp-container-core-columns-is-layout-28f84493 wp-block-columns-is-layout-flex\">\n<div class=\"wp-block-column is-layout-flow wp-block-column-is-layout-flow\">\n<p>La violoncelliste Aur\u00e9lie Allexandre d\u2019 Albronn appartient \u00e0 une g\u00e9n\u00e9ration de musiciens qui n\u2019oppose plus ni les styles ni les r\u00e9pertoires.<\/p>\n\n\n\n<p>Dipl\u00f4m\u00e9e du CNSM de Paris, elle a aussi \u00e9tudi\u00e9 avec Peter Bruns \u00e0 la Hochschule f\u00fcr Musik de Leipzig, ainsi que dans la classe du Trio Wanderer au CRR de Paris. Int\u00e9ress\u00e9e par toutes les esth\u00e9tiques musicales, elle a suivi l\u2019enseignement de Bruno Cocset en violoncelle baroque (CNSMDP) et a \u00e9galement eu l\u2019opportunit\u00e9 de se perfectionner avec Philippe Hersant, Gustav Rivinius, Gary Hoffman, Philippe Muller, Valentin Erben, les membres du quatuor Ysa\u00ffe etc\u2026<\/p>\n\n\n\n<p>Elle aime par ailleurs \u00e0 se retrouver au croisement de diff\u00e9rentes formes, du r\u00e9pertoire soliste \u00e0 la musique de chambre et oriente aujourd\u2019hui sa recherche sur les relations entre litt\u00e9rature, po\u00e9sie et musique, raison pour laquelle elle assure depuis deux ans la direction artistique de l\u2019ensemble \u00e0 g\u00e9om\u00e9trie variable <em><a href=\"https:\/\/lesilluminations.com\/\">Les Illuminations<\/a><\/em> et a publi\u00e9 <em>Le Jardin d\u2019 Afrique, lieu-dit pour un non-dit<\/em> aux Editions Al Manar, devenu le livret de l\u2019op\u00e9ra de chambre pour trois chanteurs et neuf instrumentistes de Benjamin Attahir, cr\u00e9\u00e9 en novembre 2024.<\/p>\n\n\n\n<p>En 2023, elle enregistre <em>Messagesquisse<\/em> de Pierre Boulez qu\u2019elle fait r\u00e9sonner avec des commandes pour violoncelle concertant et ensemble instrumental, dont<em> Nuits<\/em> d\u2019Othman Louati en 2022 et en juin 2025, <em>Vera vita viva !<\/em> de Claire-M\u00e9lanie Sinnhuber. Distingu\u00e9e par Georges Aperghis lors du Grand Prix dencomposition de l\u2019 Acad\u00e9mie des Beaux-Arts en juin 2024, elle pr\u00e9pare une nouvelle cr\u00e9ation, <em>Un Jour les \u00e9toiles<\/em>, son second recueil \u00e0 publier au printemps 2025 et sera artiste en r\u00e9sidence au festival de po\u00e9sie de S\u00e8te. En 2026 on pourra notamment l\u2019entendre au festival <em>Pr\u00e9sences<\/em> de Radio France en duo avec Ad\u00e9la\u00efde Ferri\u00e8re.<\/p>\n<\/div>\n<\/div>\n\n\n\n<p><\/p>\n","protected":false},"excerpt":{"rendered":"<p>Emeline Conc\u00e9 \u00a9 Anne Bied Pleine de gaiet\u00e9 et d\u2019\u00e9nergie, la violoniste \u00c9meline Conc\u00e9 s\u2019\u00e9panouit dans la musique de chambre. [&hellip;]<\/p>\n","protected":false},"author":1,"featured_media":0,"parent":0,"menu_order":0,"comment_status":"closed","ping_status":"closed","template":"","meta":{"site-sidebar-layout":"default","site-content-layout":"","ast-site-content-layout":"default","site-content-style":"default","site-sidebar-style":"default","ast-global-header-display":"","ast-banner-title-visibility":"","ast-main-header-display":"","ast-hfb-above-header-display":"","ast-hfb-below-header-display":"","ast-hfb-mobile-header-display":"","site-post-title":"disabled","ast-breadcrumbs-content":"","ast-featured-img":"","footer-sml-layout":"","ast-disable-related-posts":"","theme-transparent-header-meta":"","adv-header-id-meta":"","stick-header-meta":"","header-above-stick-meta":"","header-main-stick-meta":"","header-below-stick-meta":"","astra-migrate-meta-layouts":"default","ast-page-background-enabled":"default","ast-page-background-meta":{"desktop":{"background-color":"var(--ast-global-color-4)","background-image":"","background-repeat":"repeat","background-position":"center center","background-size":"auto","background-attachment":"scroll","background-type":"","background-media":"","overlay-type":"","overlay-color":"","overlay-opacity":"","overlay-gradient":""},"tablet":{"background-color":"","background-image":"","background-repeat":"repeat","background-position":"center center","background-size":"auto","background-attachment":"scroll","background-type":"","background-media":"","overlay-type":"","overlay-color":"","overlay-opacity":"","overlay-gradient":""},"mobile":{"background-color":"","background-image":"","background-repeat":"repeat","background-position":"center center","background-size":"auto","background-attachment":"scroll","background-type":"","background-media":"","overlay-type":"","overlay-color":"","overlay-opacity":"","overlay-gradient":""}},"ast-content-background-meta":{"desktop":{"background-color":"var(--ast-global-color-5)","background-image":"","background-repeat":"repeat","background-position":"center center","background-size":"auto","background-attachment":"scroll","background-type":"","background-media":"","overlay-type":"","overlay-color":"","overlay-opacity":"","overlay-gradient":""},"tablet":{"background-color":"var(--ast-global-color-5)","background-image":"","background-repeat":"repeat","background-position":"center center","background-size":"auto","background-attachment":"scroll","background-type":"","background-media":"","overlay-type":"","overlay-color":"","overlay-opacity":"","overlay-gradient":""},"mobile":{"background-color":"var(--ast-global-color-5)","background-image":"","background-repeat":"repeat","background-position":"center center","background-size":"auto","background-attachment":"scroll","background-type":"","background-media":"","overlay-type":"","overlay-color":"","overlay-opacity":"","overlay-gradient":""}},"footnotes":""},"class_list":["post-851","page","type-page","status-publish","hentry"],"yoast_head":"<!-- This site is optimized with the Yoast SEO plugin v27.6 - https:\/\/yoast.com\/product\/yoast-seo-wordpress\/ -->\n<title>Emeline Conc\u00e9 - Lou Chang - Aur\u00e9lie Allexandre d&#039;Albronn - Rencontres Artistiques de l&#039;Ouille All\u00e8gre<\/title>\n<meta name=\"robots\" content=\"index, follow, max-snippet:-1, max-image-preview:large, max-video-preview:-1\" \/>\n<link rel=\"canonical\" href=\"https:\/\/ouilleallegre.fr\/index.php\/emeline-conce-lou-chang-aurelie-allexandre-dalbronn\/\" \/>\n<meta property=\"og:locale\" content=\"fr_FR\" \/>\n<meta property=\"og:type\" content=\"article\" \/>\n<meta property=\"og:title\" content=\"Emeline Conc\u00e9 - Lou Chang - Aur\u00e9lie Allexandre d&#039;Albronn - Rencontres Artistiques de l&#039;Ouille All\u00e8gre\" \/>\n<meta property=\"og:description\" content=\"Emeline Conc\u00e9 \u00a9 Anne Bied Pleine de gaiet\u00e9 et d\u2019\u00e9nergie, la violoniste \u00c9meline Conc\u00e9 s\u2019\u00e9panouit dans la musique de chambre. [&hellip;]\" \/>\n<meta property=\"og:url\" content=\"https:\/\/ouilleallegre.fr\/index.php\/emeline-conce-lou-chang-aurelie-allexandre-dalbronn\/\" \/>\n<meta property=\"og:site_name\" content=\"Rencontres Artistiques de l&#039;Ouille All\u00e8gre\" \/>\n<meta property=\"article:modified_time\" content=\"2026-05-16T19:40:57+00:00\" \/>\n<meta property=\"og:image\" content=\"https:\/\/ouilleallegre.fr\/wp-content\/uploads\/2025\/06\/Emeline-Conce-photo-credit-photo-AnneBied--scaled.jpg\" \/>\n\t<meta property=\"og:image:width\" content=\"1707\" \/>\n\t<meta property=\"og:image:height\" content=\"2560\" \/>\n\t<meta property=\"og:image:type\" content=\"image\/jpeg\" \/>\n<meta name=\"twitter:card\" content=\"summary_large_image\" \/>\n<meta name=\"twitter:label1\" content=\"Dur\u00e9e de lecture estim\u00e9e\" \/>\n\t<meta name=\"twitter:data1\" content=\"5 minutes\" \/>\n<script type=\"application\/ld+json\" class=\"yoast-schema-graph\">{\"@context\":\"https:\\\/\\\/schema.org\",\"@graph\":[{\"@type\":\"WebPage\",\"@id\":\"https:\\\/\\\/ouilleallegre.fr\\\/index.php\\\/emeline-conce-lou-chang-aurelie-allexandre-dalbronn\\\/\",\"url\":\"https:\\\/\\\/ouilleallegre.fr\\\/index.php\\\/emeline-conce-lou-chang-aurelie-allexandre-dalbronn\\\/\",\"name\":\"Emeline Conc\u00e9 - Lou Chang - Aur\u00e9lie Allexandre d'Albronn - Rencontres Artistiques de l&#039;Ouille All\u00e8gre\",\"isPartOf\":{\"@id\":\"https:\\\/\\\/ouilleallegre.fr\\\/#website\"},\"primaryImageOfPage\":{\"@id\":\"https:\\\/\\\/ouilleallegre.fr\\\/index.php\\\/emeline-conce-lou-chang-aurelie-allexandre-dalbronn\\\/#primaryimage\"},\"image\":{\"@id\":\"https:\\\/\\\/ouilleallegre.fr\\\/index.php\\\/emeline-conce-lou-chang-aurelie-allexandre-dalbronn\\\/#primaryimage\"},\"thumbnailUrl\":\"http:\\\/\\\/ouilleallegre.fr\\\/wp-content\\\/uploads\\\/2025\\\/06\\\/Emeline-Conce-photo-credit-photo-AnneBied--scaled.jpg\",\"datePublished\":\"2026-05-16T19:29:33+00:00\",\"dateModified\":\"2026-05-16T19:40:57+00:00\",\"breadcrumb\":{\"@id\":\"https:\\\/\\\/ouilleallegre.fr\\\/index.php\\\/emeline-conce-lou-chang-aurelie-allexandre-dalbronn\\\/#breadcrumb\"},\"inLanguage\":\"fr-FR\",\"potentialAction\":[{\"@type\":\"ReadAction\",\"target\":[\"https:\\\/\\\/ouilleallegre.fr\\\/index.php\\\/emeline-conce-lou-chang-aurelie-allexandre-dalbronn\\\/\"]}]},{\"@type\":\"ImageObject\",\"inLanguage\":\"fr-FR\",\"@id\":\"https:\\\/\\\/ouilleallegre.fr\\\/index.php\\\/emeline-conce-lou-chang-aurelie-allexandre-dalbronn\\\/#primaryimage\",\"url\":\"https:\\\/\\\/ouilleallegre.fr\\\/wp-content\\\/uploads\\\/2025\\\/06\\\/Emeline-Conce-photo-credit-photo-AnneBied--scaled.jpg\",\"contentUrl\":\"https:\\\/\\\/ouilleallegre.fr\\\/wp-content\\\/uploads\\\/2025\\\/06\\\/Emeline-Conce-photo-credit-photo-AnneBied--scaled.jpg\",\"width\":1707,\"height\":2560},{\"@type\":\"BreadcrumbList\",\"@id\":\"https:\\\/\\\/ouilleallegre.fr\\\/index.php\\\/emeline-conce-lou-chang-aurelie-allexandre-dalbronn\\\/#breadcrumb\",\"itemListElement\":[{\"@type\":\"ListItem\",\"position\":1,\"name\":\"Accueil\",\"item\":\"https:\\\/\\\/ouilleallegre.fr\\\/\"},{\"@type\":\"ListItem\",\"position\":2,\"name\":\"Emeline Conc\u00e9 &#8211; Lou Chang &#8211; Aur\u00e9lie Allexandre d&rsquo;Albronn\"}]},{\"@type\":\"WebSite\",\"@id\":\"https:\\\/\\\/ouilleallegre.fr\\\/#website\",\"url\":\"https:\\\/\\\/ouilleallegre.fr\\\/\",\"name\":\"Rencontres Artistiques de l'Ouille All\u00e8gre\",\"description\":\"\",\"publisher\":{\"@id\":\"https:\\\/\\\/ouilleallegre.fr\\\/#organization\"},\"potentialAction\":[{\"@type\":\"SearchAction\",\"target\":{\"@type\":\"EntryPoint\",\"urlTemplate\":\"https:\\\/\\\/ouilleallegre.fr\\\/?s={search_term_string}\"},\"query-input\":{\"@type\":\"PropertyValueSpecification\",\"valueRequired\":true,\"valueName\":\"search_term_string\"}}],\"inLanguage\":\"fr-FR\"},{\"@type\":\"Organization\",\"@id\":\"https:\\\/\\\/ouilleallegre.fr\\\/#organization\",\"name\":\"Rencontres Artistiques de l'Ouille All\u00e8gre\",\"url\":\"https:\\\/\\\/ouilleallegre.fr\\\/\",\"logo\":{\"@type\":\"ImageObject\",\"inLanguage\":\"fr-FR\",\"@id\":\"https:\\\/\\\/ouilleallegre.fr\\\/#\\\/schema\\\/logo\\\/image\\\/\",\"url\":\"https:\\\/\\\/ouilleallegre.fr\\\/wp-content\\\/uploads\\\/2024\\\/06\\\/Logo_OuilleAllegre_VersionSiteInternet_FondTransparent.png\",\"contentUrl\":\"https:\\\/\\\/ouilleallegre.fr\\\/wp-content\\\/uploads\\\/2024\\\/06\\\/Logo_OuilleAllegre_VersionSiteInternet_FondTransparent.png\",\"width\":1000,\"height\":375,\"caption\":\"Rencontres Artistiques de l'Ouille All\u00e8gre\"},\"image\":{\"@id\":\"https:\\\/\\\/ouilleallegre.fr\\\/#\\\/schema\\\/logo\\\/image\\\/\"},\"sameAs\":[\"https:\\\/\\\/www.instagram.com\\\/rencontres_ouille_allegre\\\/\"]}]}<\/script>\n<!-- \/ Yoast SEO plugin. -->","yoast_head_json":{"title":"Emeline Conc\u00e9 - Lou Chang - Aur\u00e9lie Allexandre d'Albronn - Rencontres Artistiques de l&#039;Ouille All\u00e8gre","robots":{"index":"index","follow":"follow","max-snippet":"max-snippet:-1","max-image-preview":"max-image-preview:large","max-video-preview":"max-video-preview:-1"},"canonical":"https:\/\/ouilleallegre.fr\/index.php\/emeline-conce-lou-chang-aurelie-allexandre-dalbronn\/","og_locale":"fr_FR","og_type":"article","og_title":"Emeline Conc\u00e9 - Lou Chang - Aur\u00e9lie Allexandre d'Albronn - Rencontres Artistiques de l&#039;Ouille All\u00e8gre","og_description":"Emeline Conc\u00e9 \u00a9 Anne Bied Pleine de gaiet\u00e9 et d\u2019\u00e9nergie, la violoniste \u00c9meline Conc\u00e9 s\u2019\u00e9panouit dans la musique de chambre. [&hellip;]","og_url":"https:\/\/ouilleallegre.fr\/index.php\/emeline-conce-lou-chang-aurelie-allexandre-dalbronn\/","og_site_name":"Rencontres Artistiques de l&#039;Ouille All\u00e8gre","article_modified_time":"2026-05-16T19:40:57+00:00","og_image":[{"width":1707,"height":2560,"url":"https:\/\/ouilleallegre.fr\/wp-content\/uploads\/2025\/06\/Emeline-Conce-photo-credit-photo-AnneBied--scaled.jpg","type":"image\/jpeg"}],"twitter_card":"summary_large_image","twitter_misc":{"Dur\u00e9e de lecture estim\u00e9e":"5 minutes"},"schema":{"@context":"https:\/\/schema.org","@graph":[{"@type":"WebPage","@id":"https:\/\/ouilleallegre.fr\/index.php\/emeline-conce-lou-chang-aurelie-allexandre-dalbronn\/","url":"https:\/\/ouilleallegre.fr\/index.php\/emeline-conce-lou-chang-aurelie-allexandre-dalbronn\/","name":"Emeline Conc\u00e9 - Lou Chang - Aur\u00e9lie Allexandre d'Albronn - Rencontres Artistiques de l&#039;Ouille All\u00e8gre","isPartOf":{"@id":"https:\/\/ouilleallegre.fr\/#website"},"primaryImageOfPage":{"@id":"https:\/\/ouilleallegre.fr\/index.php\/emeline-conce-lou-chang-aurelie-allexandre-dalbronn\/#primaryimage"},"image":{"@id":"https:\/\/ouilleallegre.fr\/index.php\/emeline-conce-lou-chang-aurelie-allexandre-dalbronn\/#primaryimage"},"thumbnailUrl":"http:\/\/ouilleallegre.fr\/wp-content\/uploads\/2025\/06\/Emeline-Conce-photo-credit-photo-AnneBied--scaled.jpg","datePublished":"2026-05-16T19:29:33+00:00","dateModified":"2026-05-16T19:40:57+00:00","breadcrumb":{"@id":"https:\/\/ouilleallegre.fr\/index.php\/emeline-conce-lou-chang-aurelie-allexandre-dalbronn\/#breadcrumb"},"inLanguage":"fr-FR","potentialAction":[{"@type":"ReadAction","target":["https:\/\/ouilleallegre.fr\/index.php\/emeline-conce-lou-chang-aurelie-allexandre-dalbronn\/"]}]},{"@type":"ImageObject","inLanguage":"fr-FR","@id":"https:\/\/ouilleallegre.fr\/index.php\/emeline-conce-lou-chang-aurelie-allexandre-dalbronn\/#primaryimage","url":"https:\/\/ouilleallegre.fr\/wp-content\/uploads\/2025\/06\/Emeline-Conce-photo-credit-photo-AnneBied--scaled.jpg","contentUrl":"https:\/\/ouilleallegre.fr\/wp-content\/uploads\/2025\/06\/Emeline-Conce-photo-credit-photo-AnneBied--scaled.jpg","width":1707,"height":2560},{"@type":"BreadcrumbList","@id":"https:\/\/ouilleallegre.fr\/index.php\/emeline-conce-lou-chang-aurelie-allexandre-dalbronn\/#breadcrumb","itemListElement":[{"@type":"ListItem","position":1,"name":"Accueil","item":"https:\/\/ouilleallegre.fr\/"},{"@type":"ListItem","position":2,"name":"Emeline Conc\u00e9 &#8211; Lou Chang &#8211; Aur\u00e9lie Allexandre d&rsquo;Albronn"}]},{"@type":"WebSite","@id":"https:\/\/ouilleallegre.fr\/#website","url":"https:\/\/ouilleallegre.fr\/","name":"Rencontres Artistiques de l'Ouille All\u00e8gre","description":"","publisher":{"@id":"https:\/\/ouilleallegre.fr\/#organization"},"potentialAction":[{"@type":"SearchAction","target":{"@type":"EntryPoint","urlTemplate":"https:\/\/ouilleallegre.fr\/?s={search_term_string}"},"query-input":{"@type":"PropertyValueSpecification","valueRequired":true,"valueName":"search_term_string"}}],"inLanguage":"fr-FR"},{"@type":"Organization","@id":"https:\/\/ouilleallegre.fr\/#organization","name":"Rencontres Artistiques de l'Ouille All\u00e8gre","url":"https:\/\/ouilleallegre.fr\/","logo":{"@type":"ImageObject","inLanguage":"fr-FR","@id":"https:\/\/ouilleallegre.fr\/#\/schema\/logo\/image\/","url":"https:\/\/ouilleallegre.fr\/wp-content\/uploads\/2024\/06\/Logo_OuilleAllegre_VersionSiteInternet_FondTransparent.png","contentUrl":"https:\/\/ouilleallegre.fr\/wp-content\/uploads\/2024\/06\/Logo_OuilleAllegre_VersionSiteInternet_FondTransparent.png","width":1000,"height":375,"caption":"Rencontres Artistiques de l'Ouille All\u00e8gre"},"image":{"@id":"https:\/\/ouilleallegre.fr\/#\/schema\/logo\/image\/"},"sameAs":["https:\/\/www.instagram.com\/rencontres_ouille_allegre\/"]}]}},"_links":{"self":[{"href":"https:\/\/ouilleallegre.fr\/index.php\/wp-json\/wp\/v2\/pages\/851","targetHints":{"allow":["GET"]}}],"collection":[{"href":"https:\/\/ouilleallegre.fr\/index.php\/wp-json\/wp\/v2\/pages"}],"about":[{"href":"https:\/\/ouilleallegre.fr\/index.php\/wp-json\/wp\/v2\/types\/page"}],"author":[{"embeddable":true,"href":"https:\/\/ouilleallegre.fr\/index.php\/wp-json\/wp\/v2\/users\/1"}],"replies":[{"embeddable":true,"href":"https:\/\/ouilleallegre.fr\/index.php\/wp-json\/wp\/v2\/comments?post=851"}],"version-history":[{"count":4,"href":"https:\/\/ouilleallegre.fr\/index.php\/wp-json\/wp\/v2\/pages\/851\/revisions"}],"predecessor-version":[{"id":861,"href":"https:\/\/ouilleallegre.fr\/index.php\/wp-json\/wp\/v2\/pages\/851\/revisions\/861"}],"wp:attachment":[{"href":"https:\/\/ouilleallegre.fr\/index.php\/wp-json\/wp\/v2\/media?parent=851"}],"curies":[{"name":"wp","href":"https:\/\/api.w.org\/{rel}","templated":true}]}}