{"id":642,"date":"2025-06-24T20:18:43","date_gmt":"2025-06-24T18:18:43","guid":{"rendered":"https:\/\/ouilleallegre.fr\/?page_id=642"},"modified":"2025-10-29T21:57:06","modified_gmt":"2025-10-29T20:57:06","slug":"ensemble-scherzino","status":"publish","type":"page","link":"https:\/\/ouilleallegre.fr\/index.php\/ensemble-scherzino\/","title":{"rendered":"Ensemble Scherzino"},"content":{"rendered":"\n<div class=\"wp-block-columns is-layout-flex wp-container-core-columns-is-layout-28f84493 wp-block-columns-is-layout-flex\">\n<div class=\"wp-block-column is-layout-flow wp-block-column-is-layout-flow\">\n<figure class=\"wp-block-image aligncenter size-full is-resized\"><img loading=\"lazy\" decoding=\"async\" width=\"2560\" height=\"1824\" src=\"http:\/\/ouilleallegre.fr\/wp-content\/uploads\/2025\/06\/Scherzino-\u00a9Rencontres-de-lOuille-Allegre-scaled.jpeg\" alt=\"Les membres de l'Ensemble Scherzino\" class=\"wp-image-603\" style=\"width:400px\" srcset=\"https:\/\/ouilleallegre.fr\/wp-content\/uploads\/2025\/06\/Scherzino-\u00a9Rencontres-de-lOuille-Allegre-scaled.jpeg 2560w, https:\/\/ouilleallegre.fr\/wp-content\/uploads\/2025\/06\/Scherzino-\u00a9Rencontres-de-lOuille-Allegre-300x214.jpeg 300w, https:\/\/ouilleallegre.fr\/wp-content\/uploads\/2025\/06\/Scherzino-\u00a9Rencontres-de-lOuille-Allegre-1024x729.jpeg 1024w, https:\/\/ouilleallegre.fr\/wp-content\/uploads\/2025\/06\/Scherzino-\u00a9Rencontres-de-lOuille-Allegre-768x547.jpeg 768w, https:\/\/ouilleallegre.fr\/wp-content\/uploads\/2025\/06\/Scherzino-\u00a9Rencontres-de-lOuille-Allegre-1536x1094.jpeg 1536w, https:\/\/ouilleallegre.fr\/wp-content\/uploads\/2025\/06\/Scherzino-\u00a9Rencontres-de-lOuille-Allegre-2048x1459.jpeg 2048w\" sizes=\"auto, (max-width: 2560px) 100vw, 2560px\" \/><\/figure>\n<\/div>\n<\/div>\n\n\n\n<div class=\"wp-block-columns is-layout-flex wp-container-core-columns-is-layout-28f84493 wp-block-columns-is-layout-flex\">\n<div class=\"wp-block-column is-layout-flow wp-block-column-is-layout-flow\">\n<p>L\u2019Ensemble SCHERZINO est compos\u00e9 de Claudine Desjardins-Cloutour (fl\u00fbte traversi\u00e8re), Emeline Conc\u00e9 (violon), Louise Desjardins (alto) et Dominique Desjardins (contrebasse).<\/p>\n\n\n\n<p>Compos\u00e9e de quatre musiciens professionnels de haut niveau, classique et originale \u00e0 la fois, cette formation de musique de chambre associe de mani\u00e8re inventive les sons graves de la contrebasse et les accords virevoltants de la fl\u00fbte traversi\u00e8re que compl\u00e8tent le jeu chatoyant du violon et la nuance plus sombre de l\u2019alto. S\u2019il a, depuis sa cr\u00e9ation, une pr\u00e9dilection pour l\u2019\u00e9poque classique, avec notamment des \u0153uvres de Rossini, Strauss et Mozart, le r\u00e9pertoire de l\u2019Ensemble SCHERZINO s\u2019\u00e9tend avec bonheur du XVIII<sup>\u00e8me<\/sup> si\u00e8cle \u00e0 la musique contemporaine, \u00e0 laquelle il aime faire une place dans les programmes qu\u2019il con\u00e7oit, afin d\u2019ajouter au plaisir du public la joie de la d\u00e9couverte musicale de notre \u00e9poque.<\/p>\n\n\n\n<p>Constitu\u00e9 \u00e0 l\u2019\u00e9poque de Muriel et Iulian Dimitriu, et de Claudine et Dominique Desjardins, l\u2019Ensemble connait une belle notori\u00e9t\u00e9 en organisant le festival \u201cMusique et Montagne\u201d de Bessans, de 2002 \u00e0 2008. En 2025, l\u2019arriv\u00e9e d\u2019\u00c9meline Conc\u00e9 au violon et Louise Desjardins \u00e0 l\u2019alto lui permet de reprendre son activit\u00e9 pour les Musicales de l\u2019Ouille All\u00e8gre et de jouer quelques-unes des transcriptions qui ont fait son succ\u00e8s et sont en quelque sorte sa marque de fabrique.<\/p>\n<\/div>\n<\/div>\n\n\n\n<div class=\"wp-block-columns is-layout-flex wp-container-core-columns-is-layout-28f84493 wp-block-columns-is-layout-flex\">\n<div class=\"wp-block-column is-layout-flow wp-block-column-is-layout-flow\">\n<h4 class=\"wp-block-heading\"><strong>Claudine Desjardins, fl\u00fbte traversi\u00e8re<\/strong><\/h4>\n\n\n\n<p>Premier prix au CNSMDP dans la classe de Jean-Pierre Rampal, Claudine Desjardins est, dans un premier temps, Premi\u00e8re fl\u00fbte solo de l\u2019Orchestre National Bordeaux Aquitaine puis de l\u2019Op\u00e9ra de Rouen. Professeur de l\u2019\u00c9cole Normale de Musique de Paris pendant plus de trente ans et successivement des conservatoires de Rouen, Maisons-Alfort et Ch\u00e2tillon, Claudine Desjardins a particip\u00e9 \u00e0 de nombreux concerts et explor\u00e9 tout le r\u00e9pertoire de musique de chambre du XIX<sup>\u00e8me<\/sup> et du XX<sup>\u00e8me<\/sup> si\u00e8cle avec sa fl\u00fbte B\u0153hm en or. Invit\u00e9e en Chine et en Tunisie pour des master classes et des concerts, elle participe \u00e9galement aux Acad\u00e9mies de Flaine, Morzine et Hourtin. Avec son mari contrebassiste elle fonde l\u2019Ensemble Scherzino, fl\u00fbte, violon, alto et contrebasse, qui joue pendant plus de vingt ans des transcriptions d\u2019\u0153uvres du XVIII<sup>\u00e8me<\/sup> au XX<sup>\u00e8me<\/sup> si\u00e8cle, sans oublier des commandes \u00e0 des compositeurs contemporains.<\/p>\n\n\n\n<p>Attir\u00e9e par la musique baroque, Claudine Desjardins consacre aujourd\u2019hui une part importante de son temps \u00e0 la fl\u00fbte traversi\u00e8re baroque. Se r\u00e9f\u00e9rant aux trait\u00e9s et prenant conseil aupr\u00e8s d\u2019instrumentistes comme Ruth Unger (traverso) ou Anna Cavalli (clavecin) elle s\u2019en approprie la technique et le r\u00e9pertoire depuis pr\u00e8s de vingt ans. Cette fl\u00fbte traversi\u00e8re en bois, souvent du buis, au son chaud et rond, que l\u2019on nomme aujourd\u2019hui<em> traverso<\/em> pour la diff\u00e9rencier de la fl\u00fbte moderne, lui permet de restituer au mieux les partitions du XVIII<sup>\u00e8me<\/sup> si\u00e8cle. Elle joue des instruments de Jean-Jacques Melzer, copies de Buffardin et de Denner, et de Claire Soubeyran, copie de Rothenburg.<\/p>\n\n\n\n<p><\/p>\n\n\n\n<hr class=\"wp-block-separator has-alpha-channel-opacity\"\/>\n\n\n\n<p><\/p>\n\n\n\n<h4 class=\"wp-block-heading\"><strong>Emeline Conc\u00e9, violon :<\/strong><\/h4>\n\n\n\n<p>Pleine de gaiet\u00e9 et d\u2019\u00e9nergie, la violoniste \u00c9meline Conc\u00e9 s\u2019\u00e9panouit dans la musique de chambre. Membre de l\u2019ECMA, elle a pour mentors Hatto Beyerle et Johannes Meissl et a fait ses \u00e9tudes au CNSMDP dans les classes de Svetlin Roussev et Vladimir Mendelssohn.<\/p>\n\n\n\n<p>En 2011, elle fonde le Quatuor Akilone avec lequel elle gagne en 2016 le premier prix du 8e concours international de quatuor \u00e0 cordes de Bordeaux ainsi que le prix Proquartet. Gr\u00e2ce au quatuor elle se produit en France, en Europe et au Japon. \u00c9meline aime \u00e9galement jouer dans d\u2019autres formations, notamment avec sa complice l\u2019altiste Gabrielle Lafait avec qui elles forment le duo Svadistana depuis 2011. La violoniste a \u00e9galement le plaisir de s\u2019associer lors de festivals \u00e0 de nombreux artistes comme Anne Le Bozec, Alain Meunier, G\u00e9rard Causs\u00e9, Pierre Foucheneret, Louis Rodde, Flore Merlin, Violaine Despeyroux \u2026<\/p>\n\n\n\n<p>Engag\u00e9e dans la transmission de la musique, \u00c9meline a la joie de partager celle-ci dans divers cadres (prisons, h\u00f4pitaux, centres d\u2019addictologie, \u00e9coles, centres de r\u00e9fugi\u00e9s\u2026) lors de concerts, pr\u00e9sentations ou ateliers notamment au sein des Concerts de poche et de Musethica.<\/p>\n\n\n\n<p>Quel plaisir aussi pour la violoniste d\u2019\u00eatre au sein de formations orchestrales ! Cheffe d\u2019attaque des seconds violons de l\u2019Orchestre Lamoureux depuis 2012 et r\u00e9guli\u00e8rement invit\u00e9e \u00e0 ce poste au sein de l\u2019Orchestre National de Lille depuis 2022, \u00c9meline est heureuse de rejoindre l\u2019Orchestre de Chambre de Paris en tant que violon tuttiste en 2023.<\/p>\n\n\n\n<p><\/p>\n\n\n\n<hr class=\"wp-block-separator has-alpha-channel-opacity\"\/>\n\n\n\n<p><\/p>\n\n\n\n<h4 class=\"wp-block-heading\"><strong>Louise Desjardins, alto<\/strong><\/h4>\n\n\n\n<p>N\u00e9e dans une famille de musiciens, Louise Desjardins, altiste, est d\u00e8s son plus jeune \u00e2ge immerg\u00e9e dans un univers musical riche en partage et plaisir de jouer ensemble.<br>Form\u00e9e aupr\u00e8s d\u2019Isabelle Lequien, G\u00e9rard Causs\u00e9 et Antoine Tamestit au CRR de Boulogne Billancourt et au CNSMDP, elle d\u00e9veloppe un vif int\u00e9r\u00eat pour la musique d\u2019ensemble, que ce soit au sein de diverses formations de musique de chambre &#8211; trio et quatuor \u00e0 cordes, quatuor avec piano- ou dans l\u2019univers symphonique.<\/p>\n\n\n\n<p>Sa passion pour la musique de chambre l\u2019a men\u00e9e \u00e0 fonder le Quatuor Akilone en 2011 avec lequel elle remportera en 2016 le Premier Prix du 8<sup>\u00e8me<\/sup> Concours International de Quatuor \u00e0 Cordes de Bordeaux. Le Quatuor s\u2019est produit dans toute l\u2019Europe et au Japon et a re\u00e7u, notamment au sein de l\u2019Acad\u00e9mie Europ\u00e9enne de Musique de Chambre, des conseils de grands chambristes europ\u00e9ens tels Hatto Beyerle, Johannes Meissl, Miguel Da Silva et le Quatuor Eb\u00e8ne. Ce sont huit ann\u00e9es d\u2019exp\u00e9riences humaines et musicales, de recherche et d\u2019approfondissement du r\u00e9pertoire du quatuor que Louise partage avec ses trois coll\u00e8gues Emeline Conc\u00e9, Elise De-Bendelac et Lucie Mercat.<\/p>\n\n\n\n<p>Pour continuer de nourrir son jeu personnel, Louise se produit \u00e9galement en concert avec des musiciens tels que Flore Merlin, Anne Le Bozec, Marion Leb\u00e8gue, Cyrille Dubois, le Quatuor Tchalik, Vladimir Mendelssohn, Violaine Despeyroux, Alain Meunier et Louis Rodde. En 2015, elle remporte le 3<sup>\u00e8me<\/sup> prix du 3<sup>\u00e8me<\/sup> Concours International d\u2019Alto de Tokyo, ainsi que le prix sp\u00e9cial ex-aequo Suntory Foundation for Arts pour l\u2019interpr\u00e9tation de <em>Engraving<\/em> de Dai Fujikura pour alto solo. Ces prix lui valent d\u2019\u00eatre r\u00e9invit\u00e9e en 2017 \u00e0 Tokyo o\u00f9 elle se produit en solo et avec son ancien professeur Antoine Tamestit \u00e0 l\u2019occasion du 26<sup>\u00e8me<\/sup> festival Viola Space.<\/p>\n\n\n\n<p><br>Passionn\u00e9e \u00e9galement par le monde de l\u2019orchestre, Louise participe \u00e0 plusieurs sessions de l\u2019OFJ et du Gustav Mahler Jugend Orchester. Lors de ses \u00e9tudes au CNSMDP, elle est acad\u00e9miste \u00e0 l\u2019Orchestre Philharmonique de Radio France et l\u2019Orchestre de Paris. D\u00e9sireuse de s\u2019orienter vers le r\u00e9pertoire symphonique, Louise quitte apr\u00e8s huit ans le Quatuor Akilone et est par la suite appel\u00e9e pour jouer dans diverses formations telles que l\u2019Op\u00e9ra National de Paris, l\u2019Orchestre National de France, l\u2019Orchestre National de Lille.<\/p>\n\n\n\n<p>En septembre 2019, Louise int\u00e8gre l\u2019Orchestre National de France avec lequel elle se produit d\u00e9sormais \u00e0 l\u2019Auditorium de Radio France ainsi que dans de prestigieuses salles mondiales telles que la Philharmonie de Berlin, l\u2019Elbphilharmonie de Hambourg et le Musikverein \u00e0 Vienne.<\/p>\n\n\n\n<p><\/p>\n\n\n\n<hr class=\"wp-block-separator has-alpha-channel-opacity\"\/>\n\n\n\n<p><\/p>\n\n\n\n<h4 class=\"wp-block-heading\"><strong>Dominique Desjardins, contrebasse<\/strong><\/h4>\n\n\n\n<p>Contrebassiste de formation, Dominique Desjardins a pass\u00e9 40 ans \u00e0 l\u2019Orchestre National de France, interpr\u00e9tant le r\u00e9pertoire symphonique et lyrique sous la direction des plus grands chefs, Lorin Maazel, Kurt Masur, Daniele Gatti pour les directeurs musicaux, mais aussi de nombreux chefs invit\u00e9s tels Seiji Ozawa, Riccardo Muti, L\u00e9onard Bernstein, Wolgang Sawallisch et tant d\u2019autres.<\/p>\n\n\n\n<p>Partenaire r\u00e9gulier du Quatuor \u00e0 cordes PARISII, Dominique Desjardins donne aussi des concerts avec de nombreux chambristes de renom. Avec la fl\u00fbtiste Claudine Desjardins-Cloutour il cr\u00e9e le Duo EXTR\u00caMES (cr\u00e9ation d\u2019\u0153uvres de G.Keller, M.Marder, D.Lema\u00eetre) et l\u2019Ensemble SCHERZINO, fl\u00fbte, violon, alto et contrebasse, qui \u00e9volue entre les transcriptions pour cette formation hors normes (Rossini, Bartok J.Strauss, Mozart\u2026) et les cr\u00e9ations (G. Keller, E. Ducreux).<\/p>\n\n\n\n<p>En parall\u00e8le il d\u00e9couvre depuis une quinzaine d\u2019ann\u00e9e la viole de gambe, tant l\u2019instrument lui-m\u00eame que le r\u00e9pertoire. Musique du 16<sup>e<\/sup> ou du 17<sup>e<\/sup> pour viole seule, duo avec traverso (fl\u00fbte traversi\u00e8re baroque) ou clavecin, consort de violes, basse continue pour la musique fran\u00e7aise, allemande, italienne, de la fin du 17<sup>e<\/sup> si\u00e8cle jusqu\u2019\u00e0 1750.<\/p>\n\n\n\n<p>Dans le cadre de la formation professionnelle il a rencontr\u00e9 des personnalit\u00e9s musicales du monde de la musique ancienne. Marjolaine Cambon l\u2019a initi\u00e9 \u00e0 la viole de gambe et \u00e0 la pratique du consort de violes (ensemble de violes de gambe de taille et de tessiture diff\u00e9rentes), puis Julie Dessaint et Marie Guillaumy. Il se perfectionne au conservatoire de l\u2019H\u00e4y-les-roses puis \u00e0 celui de Saint-Maur des foss\u00e9s. Int\u00e9ress\u00e9 par la lutherie et l\u2019archeterie de son instrument, il a construit son propre archet pour viole t\u00e9nor lors d\u2019un stage organis\u00e9 par le \u00ab&nbsp;Bois de lutherie&nbsp;\u00bb \u00e0 Fertans sous la conduite de Claire Berget.<\/p>\n<\/div>\n<\/div>\n","protected":false},"excerpt":{"rendered":"<p>L\u2019Ensemble SCHERZINO est compos\u00e9 de Claudine Desjardins-Cloutour (fl\u00fbte traversi\u00e8re), Emeline Conc\u00e9 (violon), Louise Desjardins (alto) et Dominique Desjardins (contrebasse). Compos\u00e9e [&hellip;]<\/p>\n","protected":false},"author":2,"featured_media":0,"parent":0,"menu_order":0,"comment_status":"closed","ping_status":"closed","template":"","meta":{"site-sidebar-layout":"default","site-content-layout":"","ast-site-content-layout":"default","site-content-style":"default","site-sidebar-style":"default","ast-global-header-display":"","ast-banner-title-visibility":"","ast-main-header-display":"","ast-hfb-above-header-display":"","ast-hfb-below-header-display":"","ast-hfb-mobile-header-display":"","site-post-title":"","ast-breadcrumbs-content":"","ast-featured-img":"","footer-sml-layout":"","theme-transparent-header-meta":"","adv-header-id-meta":"","stick-header-meta":"","header-above-stick-meta":"","header-main-stick-meta":"","header-below-stick-meta":"","astra-migrate-meta-layouts":"default","ast-page-background-enabled":"default","ast-page-background-meta":{"desktop":{"background-color":"var(--ast-global-color-4)","background-image":"","background-repeat":"repeat","background-position":"center center","background-size":"auto","background-attachment":"scroll","background-type":"","background-media":"","overlay-type":"","overlay-color":"","overlay-opacity":"","overlay-gradient":""},"tablet":{"background-color":"","background-image":"","background-repeat":"repeat","background-position":"center center","background-size":"auto","background-attachment":"scroll","background-type":"","background-media":"","overlay-type":"","overlay-color":"","overlay-opacity":"","overlay-gradient":""},"mobile":{"background-color":"","background-image":"","background-repeat":"repeat","background-position":"center center","background-size":"auto","background-attachment":"scroll","background-type":"","background-media":"","overlay-type":"","overlay-color":"","overlay-opacity":"","overlay-gradient":""}},"ast-content-background-meta":{"desktop":{"background-color":"var(--ast-global-color-5)","background-image":"","background-repeat":"repeat","background-position":"center center","background-size":"auto","background-attachment":"scroll","background-type":"","background-media":"","overlay-type":"","overlay-color":"","overlay-opacity":"","overlay-gradient":""},"tablet":{"background-color":"var(--ast-global-color-5)","background-image":"","background-repeat":"repeat","background-position":"center center","background-size":"auto","background-attachment":"scroll","background-type":"","background-media":"","overlay-type":"","overlay-color":"","overlay-opacity":"","overlay-gradient":""},"mobile":{"background-color":"var(--ast-global-color-5)","background-image":"","background-repeat":"repeat","background-position":"center center","background-size":"auto","background-attachment":"scroll","background-type":"","background-media":"","overlay-type":"","overlay-color":"","overlay-opacity":"","overlay-gradient":""}},"footnotes":""},"class_list":["post-642","page","type-page","status-publish","hentry"],"yoast_head":"<!-- This site is optimized with the Yoast SEO plugin v26.2 - https:\/\/yoast.com\/wordpress\/plugins\/seo\/ -->\n<title>Ensemble Scherzino - Rencontres Artistiques de l&#039;Ouille All\u00e8gre<\/title>\n<meta name=\"description\" content=\"L\u2019Ensemble Scherzino est compos\u00e9 de Claudine Desjardins-Cloutour, Emeline Conc\u00e9, Louise Desjardins et Dominique Desjardins.\" \/>\n<meta name=\"robots\" content=\"index, follow, max-snippet:-1, max-image-preview:large, max-video-preview:-1\" \/>\n<link rel=\"canonical\" href=\"https:\/\/ouilleallegre.fr\/index.php\/ensemble-scherzino\/\" \/>\n<meta property=\"og:locale\" content=\"fr_FR\" \/>\n<meta property=\"og:type\" content=\"article\" \/>\n<meta property=\"og:title\" content=\"Ensemble Scherzino - Rencontres Artistiques de l&#039;Ouille All\u00e8gre\" \/>\n<meta property=\"og:description\" content=\"L\u2019Ensemble Scherzino est compos\u00e9 de Claudine Desjardins-Cloutour, Emeline Conc\u00e9, Louise Desjardins et Dominique Desjardins.\" \/>\n<meta property=\"og:url\" content=\"https:\/\/ouilleallegre.fr\/index.php\/ensemble-scherzino\/\" \/>\n<meta property=\"og:site_name\" content=\"Rencontres Artistiques de l&#039;Ouille All\u00e8gre\" \/>\n<meta property=\"article:modified_time\" content=\"2025-10-29T20:57:06+00:00\" \/>\n<meta name=\"twitter:card\" content=\"summary_large_image\" \/>\n<meta name=\"twitter:label1\" content=\"Dur\u00e9e de lecture estim\u00e9e\" \/>\n\t<meta name=\"twitter:data1\" content=\"8 minutes\" \/>\n<script type=\"application\/ld+json\" class=\"yoast-schema-graph\">{\"@context\":\"https:\/\/schema.org\",\"@graph\":[{\"@type\":\"WebPage\",\"@id\":\"https:\/\/ouilleallegre.fr\/index.php\/ensemble-scherzino\/\",\"url\":\"https:\/\/ouilleallegre.fr\/index.php\/ensemble-scherzino\/\",\"name\":\"Ensemble Scherzino - Rencontres Artistiques de l&#039;Ouille All\u00e8gre\",\"isPartOf\":{\"@id\":\"https:\/\/ouilleallegre.fr\/#website\"},\"datePublished\":\"2025-06-24T18:18:43+00:00\",\"dateModified\":\"2025-10-29T20:57:06+00:00\",\"description\":\"L\u2019Ensemble Scherzino est compos\u00e9 de Claudine Desjardins-Cloutour, Emeline Conc\u00e9, Louise Desjardins et Dominique Desjardins.\",\"breadcrumb\":{\"@id\":\"https:\/\/ouilleallegre.fr\/index.php\/ensemble-scherzino\/#breadcrumb\"},\"inLanguage\":\"fr-FR\",\"potentialAction\":[{\"@type\":\"ReadAction\",\"target\":[\"https:\/\/ouilleallegre.fr\/index.php\/ensemble-scherzino\/\"]}]},{\"@type\":\"BreadcrumbList\",\"@id\":\"https:\/\/ouilleallegre.fr\/index.php\/ensemble-scherzino\/#breadcrumb\",\"itemListElement\":[{\"@type\":\"ListItem\",\"position\":1,\"name\":\"Accueil\",\"item\":\"https:\/\/ouilleallegre.fr\/\"},{\"@type\":\"ListItem\",\"position\":2,\"name\":\"Ensemble Scherzino\"}]},{\"@type\":\"WebSite\",\"@id\":\"https:\/\/ouilleallegre.fr\/#website\",\"url\":\"https:\/\/ouilleallegre.fr\/\",\"name\":\"Rencontres Artistiques de l'Ouille All\u00e8gre\",\"description\":\"\",\"publisher\":{\"@id\":\"https:\/\/ouilleallegre.fr\/#organization\"},\"potentialAction\":[{\"@type\":\"SearchAction\",\"target\":{\"@type\":\"EntryPoint\",\"urlTemplate\":\"https:\/\/ouilleallegre.fr\/?s={search_term_string}\"},\"query-input\":{\"@type\":\"PropertyValueSpecification\",\"valueRequired\":true,\"valueName\":\"search_term_string\"}}],\"inLanguage\":\"fr-FR\"},{\"@type\":\"Organization\",\"@id\":\"https:\/\/ouilleallegre.fr\/#organization\",\"name\":\"Rencontres Artistiques de l'Ouille All\u00e8gre\",\"url\":\"https:\/\/ouilleallegre.fr\/\",\"logo\":{\"@type\":\"ImageObject\",\"inLanguage\":\"fr-FR\",\"@id\":\"https:\/\/ouilleallegre.fr\/#\/schema\/logo\/image\/\",\"url\":\"https:\/\/ouilleallegre.fr\/wp-content\/uploads\/2024\/06\/Logo_OuilleAllegre_VersionSiteInternet_FondTransparent.png\",\"contentUrl\":\"https:\/\/ouilleallegre.fr\/wp-content\/uploads\/2024\/06\/Logo_OuilleAllegre_VersionSiteInternet_FondTransparent.png\",\"width\":1000,\"height\":375,\"caption\":\"Rencontres Artistiques de l'Ouille All\u00e8gre\"},\"image\":{\"@id\":\"https:\/\/ouilleallegre.fr\/#\/schema\/logo\/image\/\"},\"sameAs\":[\"https:\/\/www.instagram.com\/rencontres_ouille_allegre\/\"]}]}<\/script>\n<!-- \/ Yoast SEO plugin. -->","yoast_head_json":{"title":"Ensemble Scherzino - Rencontres Artistiques de l&#039;Ouille All\u00e8gre","description":"L\u2019Ensemble Scherzino est compos\u00e9 de Claudine Desjardins-Cloutour, Emeline Conc\u00e9, Louise Desjardins et Dominique Desjardins.","robots":{"index":"index","follow":"follow","max-snippet":"max-snippet:-1","max-image-preview":"max-image-preview:large","max-video-preview":"max-video-preview:-1"},"canonical":"https:\/\/ouilleallegre.fr\/index.php\/ensemble-scherzino\/","og_locale":"fr_FR","og_type":"article","og_title":"Ensemble Scherzino - Rencontres Artistiques de l&#039;Ouille All\u00e8gre","og_description":"L\u2019Ensemble Scherzino est compos\u00e9 de Claudine Desjardins-Cloutour, Emeline Conc\u00e9, Louise Desjardins et Dominique Desjardins.","og_url":"https:\/\/ouilleallegre.fr\/index.php\/ensemble-scherzino\/","og_site_name":"Rencontres Artistiques de l&#039;Ouille All\u00e8gre","article_modified_time":"2025-10-29T20:57:06+00:00","twitter_card":"summary_large_image","twitter_misc":{"Dur\u00e9e de lecture estim\u00e9e":"8 minutes"},"schema":{"@context":"https:\/\/schema.org","@graph":[{"@type":"WebPage","@id":"https:\/\/ouilleallegre.fr\/index.php\/ensemble-scherzino\/","url":"https:\/\/ouilleallegre.fr\/index.php\/ensemble-scherzino\/","name":"Ensemble Scherzino - Rencontres Artistiques de l&#039;Ouille All\u00e8gre","isPartOf":{"@id":"https:\/\/ouilleallegre.fr\/#website"},"datePublished":"2025-06-24T18:18:43+00:00","dateModified":"2025-10-29T20:57:06+00:00","description":"L\u2019Ensemble Scherzino est compos\u00e9 de Claudine Desjardins-Cloutour, Emeline Conc\u00e9, Louise Desjardins et Dominique Desjardins.","breadcrumb":{"@id":"https:\/\/ouilleallegre.fr\/index.php\/ensemble-scherzino\/#breadcrumb"},"inLanguage":"fr-FR","potentialAction":[{"@type":"ReadAction","target":["https:\/\/ouilleallegre.fr\/index.php\/ensemble-scherzino\/"]}]},{"@type":"BreadcrumbList","@id":"https:\/\/ouilleallegre.fr\/index.php\/ensemble-scherzino\/#breadcrumb","itemListElement":[{"@type":"ListItem","position":1,"name":"Accueil","item":"https:\/\/ouilleallegre.fr\/"},{"@type":"ListItem","position":2,"name":"Ensemble Scherzino"}]},{"@type":"WebSite","@id":"https:\/\/ouilleallegre.fr\/#website","url":"https:\/\/ouilleallegre.fr\/","name":"Rencontres Artistiques de l'Ouille All\u00e8gre","description":"","publisher":{"@id":"https:\/\/ouilleallegre.fr\/#organization"},"potentialAction":[{"@type":"SearchAction","target":{"@type":"EntryPoint","urlTemplate":"https:\/\/ouilleallegre.fr\/?s={search_term_string}"},"query-input":{"@type":"PropertyValueSpecification","valueRequired":true,"valueName":"search_term_string"}}],"inLanguage":"fr-FR"},{"@type":"Organization","@id":"https:\/\/ouilleallegre.fr\/#organization","name":"Rencontres Artistiques de l'Ouille All\u00e8gre","url":"https:\/\/ouilleallegre.fr\/","logo":{"@type":"ImageObject","inLanguage":"fr-FR","@id":"https:\/\/ouilleallegre.fr\/#\/schema\/logo\/image\/","url":"https:\/\/ouilleallegre.fr\/wp-content\/uploads\/2024\/06\/Logo_OuilleAllegre_VersionSiteInternet_FondTransparent.png","contentUrl":"https:\/\/ouilleallegre.fr\/wp-content\/uploads\/2024\/06\/Logo_OuilleAllegre_VersionSiteInternet_FondTransparent.png","width":1000,"height":375,"caption":"Rencontres Artistiques de l'Ouille All\u00e8gre"},"image":{"@id":"https:\/\/ouilleallegre.fr\/#\/schema\/logo\/image\/"},"sameAs":["https:\/\/www.instagram.com\/rencontres_ouille_allegre\/"]}]}},"_links":{"self":[{"href":"https:\/\/ouilleallegre.fr\/index.php\/wp-json\/wp\/v2\/pages\/642","targetHints":{"allow":["GET"]}}],"collection":[{"href":"https:\/\/ouilleallegre.fr\/index.php\/wp-json\/wp\/v2\/pages"}],"about":[{"href":"https:\/\/ouilleallegre.fr\/index.php\/wp-json\/wp\/v2\/types\/page"}],"author":[{"embeddable":true,"href":"https:\/\/ouilleallegre.fr\/index.php\/wp-json\/wp\/v2\/users\/2"}],"replies":[{"embeddable":true,"href":"https:\/\/ouilleallegre.fr\/index.php\/wp-json\/wp\/v2\/comments?post=642"}],"version-history":[{"count":3,"href":"https:\/\/ouilleallegre.fr\/index.php\/wp-json\/wp\/v2\/pages\/642\/revisions"}],"predecessor-version":[{"id":789,"href":"https:\/\/ouilleallegre.fr\/index.php\/wp-json\/wp\/v2\/pages\/642\/revisions\/789"}],"wp:attachment":[{"href":"https:\/\/ouilleallegre.fr\/index.php\/wp-json\/wp\/v2\/media?parent=642"}],"curies":[{"name":"wp","href":"https:\/\/api.w.org\/{rel}","templated":true}]}}