{"id":569,"date":"2025-06-04T16:37:39","date_gmt":"2025-06-04T14:37:39","guid":{"rendered":"https:\/\/ouilleallegre.fr\/?page_id=569"},"modified":"2025-06-04T17:21:51","modified_gmt":"2025-06-04T15:21:51","slug":"acces-membre","status":"publish","type":"page","link":"https:\/\/ouilleallegre.fr\/index.php\/acces-membre\/","title":{"rendered":"Acc\u00e8s Membre"},"content":{"rendered":"Vous devez \u00eatre connect\u00e9 pour voir ce contenu.","protected":false},"excerpt":{"rendered":"Vous devez \u00eatre connect\u00e9 pour voir ce contenu.","protected":false},"author":2,"featured_media":0,"parent":0,"menu_order":0,"comment_status":"closed","ping_status":"closed","template":"","meta":{"site-sidebar-layout":"default","site-content-layout":"","ast-site-content-layout":"default","site-content-style":"default","site-sidebar-style":"default","ast-global-header-display":"","ast-banner-title-visibility":"","ast-main-header-display":"","ast-hfb-above-header-display":"","ast-hfb-below-header-display":"","ast-hfb-mobile-header-display":"","site-post-title":"","ast-breadcrumbs-content":"","ast-featured-img":"","footer-sml-layout":"","theme-transparent-header-meta":"","adv-header-id-meta":"","stick-header-meta":"","header-above-stick-meta":"","header-main-stick-meta":"","header-below-stick-meta":"","astra-migrate-meta-layouts":"default","ast-page-background-enabled":"default","ast-page-background-meta":{"desktop":{"background-color":"var(--ast-global-color-4)","background-image":"","background-repeat":"repeat","background-position":"center center","background-size":"auto","background-attachment":"scroll","background-type":"","background-media":"","overlay-type":"","overlay-color":"","overlay-opacity":"","overlay-gradient":""},"tablet":{"background-color":"","background-image":"","background-repeat":"repeat","background-position":"center center","background-size":"auto","background-attachment":"scroll","background-type":"","background-media":"","overlay-type":"","overlay-color":"","overlay-opacity":"","overlay-gradient":""},"mobile":{"background-color":"","background-image":"","background-repeat":"repeat","background-position":"center center","background-size":"auto","background-attachment":"scroll","background-type":"","background-media":"","overlay-type":"","overlay-color":"","overlay-opacity":"","overlay-gradient":""}},"ast-content-background-meta":{"desktop":{"background-color":"var(--ast-global-color-5)","background-image":"","background-repeat":"repeat","background-position":"center center","background-size":"auto","background-attachment":"scroll","background-type":"","background-media":"","overlay-type":"","overlay-color":"","overlay-opacity":"","overlay-gradient":""},"tablet":{"background-color":"var(--ast-global-color-5)","background-image":"","background-repeat":"repeat","background-position":"center center","background-size":"auto","background-attachment":"scroll","background-type":"","background-media":"","overlay-type":"","overlay-color":"","overlay-opacity":"","overlay-gradient":""},"mobile":{"background-color":"var(--ast-global-color-5)","background-image":"","background-repeat":"repeat","background-position":"center center","background-size":"auto","background-attachment":"scroll","background-type":"","background-media":"","overlay-type":"","overlay-color":"","overlay-opacity":"","overlay-gradient":""}},"footnotes":""},"class_list":["post-569","page","type-page","status-publish","hentry"],"yoast_head":"<!-- This site is optimized with the Yoast SEO plugin v26.2 - https:\/\/yoast.com\/wordpress\/plugins\/seo\/ -->\n<title>Acc\u00e8s Membre - Rencontres Artistiques de l&#039;Ouille All\u00e8gre<\/title>\n<meta name=\"robots\" content=\"index, follow, max-snippet:-1, max-image-preview:large, max-video-preview:-1\" \/>\n<link rel=\"canonical\" href=\"https:\/\/ouilleallegre.fr\/index.php\/acces-membre\/\" \/>\n<meta property=\"og:locale\" content=\"fr_FR\" \/>\n<meta property=\"og:type\" content=\"article\" \/>\n<meta property=\"og:title\" content=\"Acc\u00e8s Membre - Rencontres Artistiques de l&#039;Ouille All\u00e8gre\" \/>\n<meta property=\"og:description\" content=\"This content is restricted to site members. If you are an existing user, please log in.Connexion pour les utilisateurs enregistr\u00e9sIdentifiant [&hellip;]\" \/>\n<meta property=\"og:url\" content=\"https:\/\/ouilleallegre.fr\/index.php\/acces-membre\/\" \/>\n<meta property=\"og:site_name\" content=\"Rencontres Artistiques de l&#039;Ouille All\u00e8gre\" \/>\n<meta property=\"article:modified_time\" content=\"2025-06-04T15:21:51+00:00\" \/>\n<meta name=\"twitter:card\" content=\"summary_large_image\" \/>\n<script type=\"application\/ld+json\" class=\"yoast-schema-graph\">{\"@context\":\"https:\/\/schema.org\",\"@graph\":[{\"@type\":\"WebPage\",\"@id\":\"https:\/\/ouilleallegre.fr\/index.php\/acces-membre\/\",\"url\":\"https:\/\/ouilleallegre.fr\/index.php\/acces-membre\/\",\"name\":\"Acc\u00e8s Membre - Rencontres Artistiques de l&#039;Ouille All\u00e8gre\",\"isPartOf\":{\"@id\":\"https:\/\/ouilleallegre.fr\/#website\"},\"datePublished\":\"2025-06-04T14:37:39+00:00\",\"dateModified\":\"2025-06-04T15:21:51+00:00\",\"breadcrumb\":{\"@id\":\"https:\/\/ouilleallegre.fr\/index.php\/acces-membre\/#breadcrumb\"},\"inLanguage\":\"fr-FR\",\"potentialAction\":[{\"@type\":\"ReadAction\",\"target\":[\"https:\/\/ouilleallegre.fr\/index.php\/acces-membre\/\"]}]},{\"@type\":\"BreadcrumbList\",\"@id\":\"https:\/\/ouilleallegre.fr\/index.php\/acces-membre\/#breadcrumb\",\"itemListElement\":[{\"@type\":\"ListItem\",\"position\":1,\"name\":\"Accueil\",\"item\":\"https:\/\/ouilleallegre.fr\/\"},{\"@type\":\"ListItem\",\"position\":2,\"name\":\"Acc\u00e8s Membre\"}]},{\"@type\":\"WebSite\",\"@id\":\"https:\/\/ouilleallegre.fr\/#website\",\"url\":\"https:\/\/ouilleallegre.fr\/\",\"name\":\"Rencontres Artistiques de l'Ouille All\u00e8gre\",\"description\":\"\",\"publisher\":{\"@id\":\"https:\/\/ouilleallegre.fr\/#organization\"},\"potentialAction\":[{\"@type\":\"SearchAction\",\"target\":{\"@type\":\"EntryPoint\",\"urlTemplate\":\"https:\/\/ouilleallegre.fr\/?s={search_term_string}\"},\"query-input\":{\"@type\":\"PropertyValueSpecification\",\"valueRequired\":true,\"valueName\":\"search_term_string\"}}],\"inLanguage\":\"fr-FR\"},{\"@type\":\"Organization\",\"@id\":\"https:\/\/ouilleallegre.fr\/#organization\",\"name\":\"Rencontres Artistiques de l'Ouille All\u00e8gre\",\"url\":\"https:\/\/ouilleallegre.fr\/\",\"logo\":{\"@type\":\"ImageObject\",\"inLanguage\":\"fr-FR\",\"@id\":\"https:\/\/ouilleallegre.fr\/#\/schema\/logo\/image\/\",\"url\":\"https:\/\/ouilleallegre.fr\/wp-content\/uploads\/2024\/06\/Logo_OuilleAllegre_VersionSiteInternet_FondTransparent.png\",\"contentUrl\":\"https:\/\/ouilleallegre.fr\/wp-content\/uploads\/2024\/06\/Logo_OuilleAllegre_VersionSiteInternet_FondTransparent.png\",\"width\":1000,\"height\":375,\"caption\":\"Rencontres Artistiques de l'Ouille All\u00e8gre\"},\"image\":{\"@id\":\"https:\/\/ouilleallegre.fr\/#\/schema\/logo\/image\/\"},\"sameAs\":[\"https:\/\/www.instagram.com\/rencontres_ouille_allegre\/\"]}]}<\/script>\n<!-- \/ Yoast SEO plugin. -->","yoast_head_json":{"title":"Acc\u00e8s Membre - Rencontres Artistiques de l&#039;Ouille All\u00e8gre","robots":{"index":"index","follow":"follow","max-snippet":"max-snippet:-1","max-image-preview":"max-image-preview:large","max-video-preview":"max-video-preview:-1"},"canonical":"https:\/\/ouilleallegre.fr\/index.php\/acces-membre\/","og_locale":"fr_FR","og_type":"article","og_title":"Acc\u00e8s Membre - Rencontres Artistiques de l&#039;Ouille All\u00e8gre","og_description":"This content is restricted to site members. If you are an existing user, please log in.Connexion pour les utilisateurs enregistr\u00e9sIdentifiant [&hellip;]","og_url":"https:\/\/ouilleallegre.fr\/index.php\/acces-membre\/","og_site_name":"Rencontres Artistiques de l&#039;Ouille All\u00e8gre","article_modified_time":"2025-06-04T15:21:51+00:00","twitter_card":"summary_large_image","schema":{"@context":"https:\/\/schema.org","@graph":[{"@type":"WebPage","@id":"https:\/\/ouilleallegre.fr\/index.php\/acces-membre\/","url":"https:\/\/ouilleallegre.fr\/index.php\/acces-membre\/","name":"Acc\u00e8s Membre - Rencontres Artistiques de l&#039;Ouille All\u00e8gre","isPartOf":{"@id":"https:\/\/ouilleallegre.fr\/#website"},"datePublished":"2025-06-04T14:37:39+00:00","dateModified":"2025-06-04T15:21:51+00:00","breadcrumb":{"@id":"https:\/\/ouilleallegre.fr\/index.php\/acces-membre\/#breadcrumb"},"inLanguage":"fr-FR","potentialAction":[{"@type":"ReadAction","target":["https:\/\/ouilleallegre.fr\/index.php\/acces-membre\/"]}]},{"@type":"BreadcrumbList","@id":"https:\/\/ouilleallegre.fr\/index.php\/acces-membre\/#breadcrumb","itemListElement":[{"@type":"ListItem","position":1,"name":"Accueil","item":"https:\/\/ouilleallegre.fr\/"},{"@type":"ListItem","position":2,"name":"Acc\u00e8s Membre"}]},{"@type":"WebSite","@id":"https:\/\/ouilleallegre.fr\/#website","url":"https:\/\/ouilleallegre.fr\/","name":"Rencontres Artistiques de l'Ouille All\u00e8gre","description":"","publisher":{"@id":"https:\/\/ouilleallegre.fr\/#organization"},"potentialAction":[{"@type":"SearchAction","target":{"@type":"EntryPoint","urlTemplate":"https:\/\/ouilleallegre.fr\/?s={search_term_string}"},"query-input":{"@type":"PropertyValueSpecification","valueRequired":true,"valueName":"search_term_string"}}],"inLanguage":"fr-FR"},{"@type":"Organization","@id":"https:\/\/ouilleallegre.fr\/#organization","name":"Rencontres Artistiques de l'Ouille All\u00e8gre","url":"https:\/\/ouilleallegre.fr\/","logo":{"@type":"ImageObject","inLanguage":"fr-FR","@id":"https:\/\/ouilleallegre.fr\/#\/schema\/logo\/image\/","url":"https:\/\/ouilleallegre.fr\/wp-content\/uploads\/2024\/06\/Logo_OuilleAllegre_VersionSiteInternet_FondTransparent.png","contentUrl":"https:\/\/ouilleallegre.fr\/wp-content\/uploads\/2024\/06\/Logo_OuilleAllegre_VersionSiteInternet_FondTransparent.png","width":1000,"height":375,"caption":"Rencontres Artistiques de l'Ouille All\u00e8gre"},"image":{"@id":"https:\/\/ouilleallegre.fr\/#\/schema\/logo\/image\/"},"sameAs":["https:\/\/www.instagram.com\/rencontres_ouille_allegre\/"]}]}},"_links":{"self":[{"href":"https:\/\/ouilleallegre.fr\/index.php\/wp-json\/wp\/v2\/pages\/569","targetHints":{"allow":["GET"]}}],"collection":[{"href":"https:\/\/ouilleallegre.fr\/index.php\/wp-json\/wp\/v2\/pages"}],"about":[{"href":"https:\/\/ouilleallegre.fr\/index.php\/wp-json\/wp\/v2\/types\/page"}],"author":[{"embeddable":true,"href":"https:\/\/ouilleallegre.fr\/index.php\/wp-json\/wp\/v2\/users\/2"}],"replies":[{"embeddable":true,"href":"https:\/\/ouilleallegre.fr\/index.php\/wp-json\/wp\/v2\/comments?post=569"}],"version-history":[{"count":10,"href":"https:\/\/ouilleallegre.fr\/index.php\/wp-json\/wp\/v2\/pages\/569\/revisions"}],"predecessor-version":[{"id":589,"href":"https:\/\/ouilleallegre.fr\/index.php\/wp-json\/wp\/v2\/pages\/569\/revisions\/589"}],"wp:attachment":[{"href":"https:\/\/ouilleallegre.fr\/index.php\/wp-json\/wp\/v2\/media?parent=569"}],"curies":[{"name":"wp","href":"https:\/\/api.w.org\/{rel}","templated":true}]}}