{"id":39,"date":"2024-05-26T18:45:38","date_gmt":"2024-05-26T16:45:38","guid":{"rendered":"https:\/\/ouilleallegre.fr\/?page_id=39"},"modified":"2025-10-29T15:32:48","modified_gmt":"2025-10-29T14:32:48","slug":"a-propos","status":"publish","type":"page","link":"https:\/\/ouilleallegre.fr\/index.php\/a-propos\/","title":{"rendered":"Rencontres Artistiques de l&rsquo;Ouille All\u00e8gre"},"content":{"rendered":"\n<div class=\"wp-block-cover alignfull is-light\" style=\"min-height:168px;aspect-ratio:unset;\"><span aria-hidden=\"true\" class=\"wp-block-cover__background has-nv-light-bg-background-color has-background-dim-0 has-background-dim\"><\/span><div class=\"wp-block-cover__inner-container is-layout-flow wp-block-cover-is-layout-flow\">\n<p class=\"has-ast-global-color-3-color has-text-color has-link-color wp-elements-b23b51a20289f0a87db86e7c087e023a\">Une histoire, d\u00e9but\u00e9e il y a 20 ans avec les concerts de l\u2019Ensemble SCHERZINO, renait aujourd\u2019hui gr\u00e2ce \u00e0 l\u2019association Rencontres Artistiques de l\u2019Ouille All\u00e8gre, au soutien des communes de Bessans et de Bonneval-sur-Arc, de Haute-Maurienne Vanoise Tourisme, et de nombreux acteurs \u00e9conomiques locaux.<br><\/p>\n<\/div><\/div>\n\n\n\n<div class=\"wp-block-group alignfull has-text-color has-background is-layout-flow wp-block-group-is-layout-flow\" style=\"color:#000000;background-color:#ffffff\">\n<p class=\"has-text-align-center has-medium-font-size\" style=\"line-height:.9\">Si vous souhaitez nous aider, vous pouvez adh\u00e9rer \u00e0 l&rsquo;association <br>ou faire un don pour soutenir ses actions en faveur du spectacle vivant<\/p>\n\n\n\n<div class=\"wp-block-buttons is-horizontal is-content-justification-center is-layout-flex wp-container-core-buttons-is-layout-03627597 wp-block-buttons-is-layout-flex\">\n<div class=\"wp-block-button has-custom-width wp-block-button__width-25\"><a class=\"wp-block-button__link has-text-color has-background wp-element-button\" href=\"https:\/\/www.helloasso.com\/associations\/rencontres-artistiques-de-l-ouille-allegre\" style=\"border-radius:50px;color:#ffffff;background-color:#000000\">Nous soutenir<\/a><\/div>\n<\/div>\n\n\n\n<p class=\"has-text-align-center\"><\/p>\n<\/div>\n\n\n\n<p class=\"has-text-align-center\"><\/p>\n\n\n\n<div class=\"wp-block-file\" style=\"margin-right:0;margin-left:0;padding-right:0;padding-left:0\"><a id=\"wp-block-file--media-288a6e54-c661-471b-bcaa-04276950a04a\" href=\"http:\/\/ouilleallegre.fr\/wp-content\/uploads\/2025\/07\/Statuts-signes.pdf\" target=\"_blank\" rel=\"noreferrer noopener\">Statuts de l&rsquo;association Rencontres Artistiques de l&rsquo;Ouille All\u00e8gre<\/a><\/div>\n","protected":false},"excerpt":{"rendered":"<p>Si vous souhaitez nous aider, vous pouvez adh\u00e9rer \u00e0 l&rsquo;association ou faire un don pour soutenir ses actions en faveur [&hellip;]<\/p>\n","protected":false},"author":1,"featured_media":0,"parent":0,"menu_order":0,"comment_status":"closed","ping_status":"closed","template":"","meta":{"site-sidebar-layout":"default","site-content-layout":"","ast-site-content-layout":"default","site-content-style":"default","site-sidebar-style":"default","ast-global-header-display":"","ast-banner-title-visibility":"","ast-main-header-display":"","ast-hfb-above-header-display":"","ast-hfb-below-header-display":"","ast-hfb-mobile-header-display":"","site-post-title":"","ast-breadcrumbs-content":"","ast-featured-img":"","footer-sml-layout":"","theme-transparent-header-meta":"","adv-header-id-meta":"","stick-header-meta":"","header-above-stick-meta":"","header-main-stick-meta":"","header-below-stick-meta":"","astra-migrate-meta-layouts":"default","ast-page-background-enabled":"default","ast-page-background-meta":{"desktop":{"background-color":"var(--ast-global-color-4)","background-image":"","background-repeat":"repeat","background-position":"center center","background-size":"auto","background-attachment":"scroll","background-type":"","background-media":"","overlay-type":"","overlay-color":"","overlay-opacity":"","overlay-gradient":""},"tablet":{"background-color":"","background-image":"","background-repeat":"repeat","background-position":"center center","background-size":"auto","background-attachment":"scroll","background-type":"","background-media":"","overlay-type":"","overlay-color":"","overlay-opacity":"","overlay-gradient":""},"mobile":{"background-color":"","background-image":"","background-repeat":"repeat","background-position":"center center","background-size":"auto","background-attachment":"scroll","background-type":"","background-media":"","overlay-type":"","overlay-color":"","overlay-opacity":"","overlay-gradient":""}},"ast-content-background-meta":{"desktop":{"background-color":"var(--ast-global-color-5)","background-image":"","background-repeat":"repeat","background-position":"center center","background-size":"auto","background-attachment":"scroll","background-type":"","background-media":"","overlay-type":"","overlay-color":"","overlay-opacity":"","overlay-gradient":""},"tablet":{"background-color":"var(--ast-global-color-5)","background-image":"","background-repeat":"repeat","background-position":"center center","background-size":"auto","background-attachment":"scroll","background-type":"","background-media":"","overlay-type":"","overlay-color":"","overlay-opacity":"","overlay-gradient":""},"mobile":{"background-color":"var(--ast-global-color-5)","background-image":"","background-repeat":"repeat","background-position":"center center","background-size":"auto","background-attachment":"scroll","background-type":"","background-media":"","overlay-type":"","overlay-color":"","overlay-opacity":"","overlay-gradient":""}},"footnotes":""},"class_list":["post-39","page","type-page","status-publish","hentry"],"yoast_head":"<!-- This site is optimized with the Yoast SEO plugin v26.2 - https:\/\/yoast.com\/wordpress\/plugins\/seo\/ -->\n<title>Rencontres Artistiques de l&#039;Ouille All\u00e8gre - Rencontres Artistiques de l&#039;Ouille All\u00e8gre<\/title>\n<meta name=\"description\" content=\"L&#039;association propose aux habitants et vacanciers de Haute Maurienne des concerts classiques ou des manifestations culturelles de qualit\u00e9.\" \/>\n<meta name=\"robots\" content=\"index, follow, max-snippet:-1, max-image-preview:large, max-video-preview:-1\" \/>\n<link rel=\"canonical\" href=\"https:\/\/ouilleallegre.fr\/index.php\/a-propos\/\" \/>\n<meta property=\"og:locale\" content=\"fr_FR\" \/>\n<meta property=\"og:type\" content=\"article\" \/>\n<meta property=\"og:title\" content=\"Rencontres Artistiques de l&#039;Ouille All\u00e8gre - Rencontres Artistiques de l&#039;Ouille All\u00e8gre\" \/>\n<meta property=\"og:description\" content=\"L&#039;association propose aux habitants et vacanciers de Haute Maurienne des concerts classiques ou des manifestations culturelles de qualit\u00e9.\" \/>\n<meta property=\"og:url\" content=\"https:\/\/ouilleallegre.fr\/index.php\/a-propos\/\" \/>\n<meta property=\"og:site_name\" content=\"Rencontres Artistiques de l&#039;Ouille All\u00e8gre\" \/>\n<meta property=\"article:modified_time\" content=\"2025-10-29T14:32:48+00:00\" \/>\n<meta name=\"twitter:card\" content=\"summary_large_image\" \/>\n<meta name=\"twitter:label1\" content=\"Dur\u00e9e de lecture estim\u00e9e\" \/>\n\t<meta name=\"twitter:data1\" content=\"1 minute\" \/>\n<script type=\"application\/ld+json\" class=\"yoast-schema-graph\">{\"@context\":\"https:\/\/schema.org\",\"@graph\":[{\"@type\":\"WebPage\",\"@id\":\"https:\/\/ouilleallegre.fr\/index.php\/a-propos\/\",\"url\":\"https:\/\/ouilleallegre.fr\/index.php\/a-propos\/\",\"name\":\"Rencontres Artistiques de l'Ouille All\u00e8gre - Rencontres Artistiques de l&#039;Ouille All\u00e8gre\",\"isPartOf\":{\"@id\":\"https:\/\/ouilleallegre.fr\/#website\"},\"datePublished\":\"2024-05-26T16:45:38+00:00\",\"dateModified\":\"2025-10-29T14:32:48+00:00\",\"description\":\"L'association propose aux habitants et vacanciers de Haute Maurienne des concerts classiques ou des manifestations culturelles de qualit\u00e9.\",\"breadcrumb\":{\"@id\":\"https:\/\/ouilleallegre.fr\/index.php\/a-propos\/#breadcrumb\"},\"inLanguage\":\"fr-FR\",\"potentialAction\":[{\"@type\":\"ReadAction\",\"target\":[\"https:\/\/ouilleallegre.fr\/index.php\/a-propos\/\"]}]},{\"@type\":\"BreadcrumbList\",\"@id\":\"https:\/\/ouilleallegre.fr\/index.php\/a-propos\/#breadcrumb\",\"itemListElement\":[{\"@type\":\"ListItem\",\"position\":1,\"name\":\"Accueil\",\"item\":\"https:\/\/ouilleallegre.fr\/\"},{\"@type\":\"ListItem\",\"position\":2,\"name\":\"Rencontres Artistiques de l&rsquo;Ouille All\u00e8gre\"}]},{\"@type\":\"WebSite\",\"@id\":\"https:\/\/ouilleallegre.fr\/#website\",\"url\":\"https:\/\/ouilleallegre.fr\/\",\"name\":\"Rencontres Artistiques de l'Ouille All\u00e8gre\",\"description\":\"\",\"publisher\":{\"@id\":\"https:\/\/ouilleallegre.fr\/#organization\"},\"potentialAction\":[{\"@type\":\"SearchAction\",\"target\":{\"@type\":\"EntryPoint\",\"urlTemplate\":\"https:\/\/ouilleallegre.fr\/?s={search_term_string}\"},\"query-input\":{\"@type\":\"PropertyValueSpecification\",\"valueRequired\":true,\"valueName\":\"search_term_string\"}}],\"inLanguage\":\"fr-FR\"},{\"@type\":\"Organization\",\"@id\":\"https:\/\/ouilleallegre.fr\/#organization\",\"name\":\"Rencontres Artistiques de l'Ouille All\u00e8gre\",\"url\":\"https:\/\/ouilleallegre.fr\/\",\"logo\":{\"@type\":\"ImageObject\",\"inLanguage\":\"fr-FR\",\"@id\":\"https:\/\/ouilleallegre.fr\/#\/schema\/logo\/image\/\",\"url\":\"https:\/\/ouilleallegre.fr\/wp-content\/uploads\/2024\/06\/Logo_OuilleAllegre_VersionSiteInternet_FondTransparent.png\",\"contentUrl\":\"https:\/\/ouilleallegre.fr\/wp-content\/uploads\/2024\/06\/Logo_OuilleAllegre_VersionSiteInternet_FondTransparent.png\",\"width\":1000,\"height\":375,\"caption\":\"Rencontres Artistiques de l'Ouille All\u00e8gre\"},\"image\":{\"@id\":\"https:\/\/ouilleallegre.fr\/#\/schema\/logo\/image\/\"},\"sameAs\":[\"https:\/\/www.instagram.com\/rencontres_ouille_allegre\/\"]}]}<\/script>\n<!-- \/ Yoast SEO plugin. -->","yoast_head_json":{"title":"Rencontres Artistiques de l'Ouille All\u00e8gre - Rencontres Artistiques de l&#039;Ouille All\u00e8gre","description":"L'association propose aux habitants et vacanciers de Haute Maurienne des concerts classiques ou des manifestations culturelles de qualit\u00e9.","robots":{"index":"index","follow":"follow","max-snippet":"max-snippet:-1","max-image-preview":"max-image-preview:large","max-video-preview":"max-video-preview:-1"},"canonical":"https:\/\/ouilleallegre.fr\/index.php\/a-propos\/","og_locale":"fr_FR","og_type":"article","og_title":"Rencontres Artistiques de l'Ouille All\u00e8gre - Rencontres Artistiques de l&#039;Ouille All\u00e8gre","og_description":"L'association propose aux habitants et vacanciers de Haute Maurienne des concerts classiques ou des manifestations culturelles de qualit\u00e9.","og_url":"https:\/\/ouilleallegre.fr\/index.php\/a-propos\/","og_site_name":"Rencontres Artistiques de l&#039;Ouille All\u00e8gre","article_modified_time":"2025-10-29T14:32:48+00:00","twitter_card":"summary_large_image","twitter_misc":{"Dur\u00e9e de lecture estim\u00e9e":"1 minute"},"schema":{"@context":"https:\/\/schema.org","@graph":[{"@type":"WebPage","@id":"https:\/\/ouilleallegre.fr\/index.php\/a-propos\/","url":"https:\/\/ouilleallegre.fr\/index.php\/a-propos\/","name":"Rencontres Artistiques de l'Ouille All\u00e8gre - Rencontres Artistiques de l&#039;Ouille All\u00e8gre","isPartOf":{"@id":"https:\/\/ouilleallegre.fr\/#website"},"datePublished":"2024-05-26T16:45:38+00:00","dateModified":"2025-10-29T14:32:48+00:00","description":"L'association propose aux habitants et vacanciers de Haute Maurienne des concerts classiques ou des manifestations culturelles de qualit\u00e9.","breadcrumb":{"@id":"https:\/\/ouilleallegre.fr\/index.php\/a-propos\/#breadcrumb"},"inLanguage":"fr-FR","potentialAction":[{"@type":"ReadAction","target":["https:\/\/ouilleallegre.fr\/index.php\/a-propos\/"]}]},{"@type":"BreadcrumbList","@id":"https:\/\/ouilleallegre.fr\/index.php\/a-propos\/#breadcrumb","itemListElement":[{"@type":"ListItem","position":1,"name":"Accueil","item":"https:\/\/ouilleallegre.fr\/"},{"@type":"ListItem","position":2,"name":"Rencontres Artistiques de l&rsquo;Ouille All\u00e8gre"}]},{"@type":"WebSite","@id":"https:\/\/ouilleallegre.fr\/#website","url":"https:\/\/ouilleallegre.fr\/","name":"Rencontres Artistiques de l'Ouille All\u00e8gre","description":"","publisher":{"@id":"https:\/\/ouilleallegre.fr\/#organization"},"potentialAction":[{"@type":"SearchAction","target":{"@type":"EntryPoint","urlTemplate":"https:\/\/ouilleallegre.fr\/?s={search_term_string}"},"query-input":{"@type":"PropertyValueSpecification","valueRequired":true,"valueName":"search_term_string"}}],"inLanguage":"fr-FR"},{"@type":"Organization","@id":"https:\/\/ouilleallegre.fr\/#organization","name":"Rencontres Artistiques de l'Ouille All\u00e8gre","url":"https:\/\/ouilleallegre.fr\/","logo":{"@type":"ImageObject","inLanguage":"fr-FR","@id":"https:\/\/ouilleallegre.fr\/#\/schema\/logo\/image\/","url":"https:\/\/ouilleallegre.fr\/wp-content\/uploads\/2024\/06\/Logo_OuilleAllegre_VersionSiteInternet_FondTransparent.png","contentUrl":"https:\/\/ouilleallegre.fr\/wp-content\/uploads\/2024\/06\/Logo_OuilleAllegre_VersionSiteInternet_FondTransparent.png","width":1000,"height":375,"caption":"Rencontres Artistiques de l'Ouille All\u00e8gre"},"image":{"@id":"https:\/\/ouilleallegre.fr\/#\/schema\/logo\/image\/"},"sameAs":["https:\/\/www.instagram.com\/rencontres_ouille_allegre\/"]}]}},"_links":{"self":[{"href":"https:\/\/ouilleallegre.fr\/index.php\/wp-json\/wp\/v2\/pages\/39","targetHints":{"allow":["GET"]}}],"collection":[{"href":"https:\/\/ouilleallegre.fr\/index.php\/wp-json\/wp\/v2\/pages"}],"about":[{"href":"https:\/\/ouilleallegre.fr\/index.php\/wp-json\/wp\/v2\/types\/page"}],"author":[{"embeddable":true,"href":"https:\/\/ouilleallegre.fr\/index.php\/wp-json\/wp\/v2\/users\/1"}],"replies":[{"embeddable":true,"href":"https:\/\/ouilleallegre.fr\/index.php\/wp-json\/wp\/v2\/comments?post=39"}],"version-history":[{"count":22,"href":"https:\/\/ouilleallegre.fr\/index.php\/wp-json\/wp\/v2\/pages\/39\/revisions"}],"predecessor-version":[{"id":722,"href":"https:\/\/ouilleallegre.fr\/index.php\/wp-json\/wp\/v2\/pages\/39\/revisions\/722"}],"wp:attachment":[{"href":"https:\/\/ouilleallegre.fr\/index.php\/wp-json\/wp\/v2\/media?parent=39"}],"curies":[{"name":"wp","href":"https:\/\/api.w.org\/{rel}","templated":true}]}}