{"id":289,"date":"2024-06-23T16:10:38","date_gmt":"2024-06-23T14:10:38","guid":{"rendered":"https:\/\/ouilleallegre.fr\/?page_id=289"},"modified":"2025-10-29T21:33:34","modified_gmt":"2025-10-29T20:33:34","slug":"les-lieux-de-concerts","status":"publish","type":"page","link":"https:\/\/ouilleallegre.fr\/index.php\/les-lieux-de-concerts\/","title":{"rendered":"Les lieux de concerts"},"content":{"rendered":"\n<p>Les Musicales de l&rsquo;Ouille All\u00e8gre proposent des concerts dans les \u00e9glises et chapelles de Bessans et Bonneval-sur-Arc.<\/p>\n\n\n\n<div class=\"wp-block-columns is-layout-flex wp-container-core-columns-is-layout-28f84493 wp-block-columns-is-layout-flex\">\n<div class=\"wp-block-column is-layout-flow wp-block-column-is-layout-flow\" style=\"flex-basis:33.33%\">\n<figure class=\"wp-block-image size-large\"><img loading=\"lazy\" decoding=\"async\" width=\"1024\" height=\"768\" src=\"https:\/\/ouilleallegre.fr\/wp-content\/uploads\/2024\/06\/P1130433-1024x768.jpeg\" alt=\"\" class=\"wp-image-326\" srcset=\"https:\/\/ouilleallegre.fr\/wp-content\/uploads\/2024\/06\/P1130433-1024x768.jpeg 1024w, https:\/\/ouilleallegre.fr\/wp-content\/uploads\/2024\/06\/P1130433-300x225.jpeg 300w, https:\/\/ouilleallegre.fr\/wp-content\/uploads\/2024\/06\/P1130433-768x576.jpeg 768w, https:\/\/ouilleallegre.fr\/wp-content\/uploads\/2024\/06\/P1130433.jpeg 1280w\" sizes=\"auto, (max-width: 1024px) 100vw, 1024px\" \/><\/figure>\n\n\n\n<p class=\"has-small-font-size\"><\/p>\n<\/div>\n\n\n\n<div class=\"wp-block-column is-layout-flow wp-block-column-is-layout-flow\" style=\"flex-basis:66.66%\">\n<p>Eglise Saint-Jean-Baptiste, 73480 Bessans<\/p>\n<\/div>\n<\/div>\n\n\n\n<div class=\"wp-block-columns is-layout-flex wp-container-core-columns-is-layout-28f84493 wp-block-columns-is-layout-flex\">\n<div class=\"wp-block-column is-layout-flow wp-block-column-is-layout-flow\" style=\"flex-basis:33.33%\">\n<figure class=\"wp-block-image size-large\"><img loading=\"lazy\" decoding=\"async\" width=\"1024\" height=\"768\" src=\"https:\/\/ouilleallegre.fr\/wp-content\/uploads\/2024\/06\/P1130425-1024x768.jpeg\" alt=\"\" class=\"wp-image-329\" srcset=\"https:\/\/ouilleallegre.fr\/wp-content\/uploads\/2024\/06\/P1130425-1024x768.jpeg 1024w, https:\/\/ouilleallegre.fr\/wp-content\/uploads\/2024\/06\/P1130425-300x225.jpeg 300w, https:\/\/ouilleallegre.fr\/wp-content\/uploads\/2024\/06\/P1130425-768x576.jpeg 768w, https:\/\/ouilleallegre.fr\/wp-content\/uploads\/2024\/06\/P1130425.jpeg 1280w\" sizes=\"auto, (max-width: 1024px) 100vw, 1024px\" \/><\/figure>\n\n\n\n<p class=\"has-small-font-size\"><\/p>\n<\/div>\n\n\n\n<div class=\"wp-block-column is-layout-flow wp-block-column-is-layout-flow\" style=\"flex-basis:66.66%\">\n<p>Eglise Notre-Dame-de-l&rsquo;Assomption, 73480 Bonneval-sur-Arc<\/p>\n<\/div>\n<\/div>\n\n\n\n<div class=\"wp-block-columns is-layout-flex wp-container-core-columns-is-layout-28f84493 wp-block-columns-is-layout-flex\">\n<div class=\"wp-block-column is-layout-flow wp-block-column-is-layout-flow\" style=\"flex-basis:33.33%\">\n<figure class=\"wp-block-image size-large\"><img loading=\"lazy\" decoding=\"async\" width=\"1024\" height=\"768\" src=\"https:\/\/ouilleallegre.fr\/wp-content\/uploads\/2025\/06\/IMG_1804-copie-1024x768.jpg\" alt=\"\" class=\"wp-image-616\" srcset=\"https:\/\/ouilleallegre.fr\/wp-content\/uploads\/2025\/06\/IMG_1804-copie-1024x768.jpg 1024w, https:\/\/ouilleallegre.fr\/wp-content\/uploads\/2025\/06\/IMG_1804-copie-300x225.jpg 300w, https:\/\/ouilleallegre.fr\/wp-content\/uploads\/2025\/06\/IMG_1804-copie-768x576.jpg 768w, https:\/\/ouilleallegre.fr\/wp-content\/uploads\/2025\/06\/IMG_1804-copie-1536x1152.jpg 1536w, https:\/\/ouilleallegre.fr\/wp-content\/uploads\/2025\/06\/IMG_1804-copie-2048x1536.jpg 2048w\" sizes=\"auto, (max-width: 1024px) 100vw, 1024px\" \/><\/figure>\n\n\n\n<p class=\"has-small-font-size\"><\/p>\n<\/div>\n\n\n\n<div class=\"wp-block-column is-layout-flow wp-block-column-is-layout-flow\" style=\"flex-basis:66.66%\">\n<p>Chapelle Saint-Pierre, Hameau d&rsquo;Av\u00e9role, 73480 Bessans<\/p>\n\n\n\n<p>Acc\u00e8s \u00e0 la chapelle : voir la page <a href=\"https:\/\/ouilleallegre.fr\/index.php\/informations-pratiques\/\" data-type=\"page\" data-id=\"166\">Informations pratiques<\/a><\/p>\n<\/div>\n<\/div>\n\n\n\n<p><\/p>\n","protected":false},"excerpt":{"rendered":"<p>Les Musicales de l&rsquo;Ouille All\u00e8gre proposent des concerts dans les \u00e9glises et chapelles de Bessans et Bonneval-sur-Arc. Eglise Saint-Jean-Baptiste, 73480 [&hellip;]<\/p>\n","protected":false},"author":1,"featured_media":0,"parent":0,"menu_order":0,"comment_status":"closed","ping_status":"closed","template":"","meta":{"site-sidebar-layout":"default","site-content-layout":"","ast-site-content-layout":"default","site-content-style":"default","site-sidebar-style":"default","ast-global-header-display":"","ast-banner-title-visibility":"","ast-main-header-display":"","ast-hfb-above-header-display":"","ast-hfb-below-header-display":"","ast-hfb-mobile-header-display":"","site-post-title":"","ast-breadcrumbs-content":"","ast-featured-img":"","footer-sml-layout":"","theme-transparent-header-meta":"","adv-header-id-meta":"","stick-header-meta":"","header-above-stick-meta":"","header-main-stick-meta":"","header-below-stick-meta":"","astra-migrate-meta-layouts":"default","ast-page-background-enabled":"default","ast-page-background-meta":{"desktop":{"background-color":"var(--ast-global-color-4)","background-image":"","background-repeat":"repeat","background-position":"center center","background-size":"auto","background-attachment":"scroll","background-type":"","background-media":"","overlay-type":"","overlay-color":"","overlay-opacity":"","overlay-gradient":""},"tablet":{"background-color":"","background-image":"","background-repeat":"repeat","background-position":"center center","background-size":"auto","background-attachment":"scroll","background-type":"","background-media":"","overlay-type":"","overlay-color":"","overlay-opacity":"","overlay-gradient":""},"mobile":{"background-color":"","background-image":"","background-repeat":"repeat","background-position":"center center","background-size":"auto","background-attachment":"scroll","background-type":"","background-media":"","overlay-type":"","overlay-color":"","overlay-opacity":"","overlay-gradient":""}},"ast-content-background-meta":{"desktop":{"background-color":"var(--ast-global-color-5)","background-image":"","background-repeat":"repeat","background-position":"center center","background-size":"auto","background-attachment":"scroll","background-type":"","background-media":"","overlay-type":"","overlay-color":"","overlay-opacity":"","overlay-gradient":""},"tablet":{"background-color":"var(--ast-global-color-5)","background-image":"","background-repeat":"repeat","background-position":"center center","background-size":"auto","background-attachment":"scroll","background-type":"","background-media":"","overlay-type":"","overlay-color":"","overlay-opacity":"","overlay-gradient":""},"mobile":{"background-color":"var(--ast-global-color-5)","background-image":"","background-repeat":"repeat","background-position":"center center","background-size":"auto","background-attachment":"scroll","background-type":"","background-media":"","overlay-type":"","overlay-color":"","overlay-opacity":"","overlay-gradient":""}},"footnotes":""},"class_list":["post-289","page","type-page","status-publish","hentry"],"yoast_head":"<!-- This site is optimized with the Yoast SEO plugin v26.2 - https:\/\/yoast.com\/wordpress\/plugins\/seo\/ -->\n<title>Les lieux de concerts - Rencontres Artistiques de l&#039;Ouille All\u00e8gre<\/title>\n<meta name=\"description\" content=\"Les Musicales de l&#039;Ouille All\u00e8gre proposent des concerts dans les \u00e9glises et chapelles de Bessans et Bonneval-sur-Arc.\" \/>\n<meta name=\"robots\" content=\"index, follow, max-snippet:-1, max-image-preview:large, max-video-preview:-1\" \/>\n<link rel=\"canonical\" href=\"https:\/\/ouilleallegre.fr\/index.php\/les-lieux-de-concerts\/\" \/>\n<meta property=\"og:locale\" content=\"fr_FR\" \/>\n<meta property=\"og:type\" content=\"article\" \/>\n<meta property=\"og:title\" content=\"Les lieux de concerts - Rencontres Artistiques de l&#039;Ouille All\u00e8gre\" \/>\n<meta property=\"og:description\" content=\"Les Musicales de l&#039;Ouille All\u00e8gre proposent des concerts dans les \u00e9glises et chapelles de Bessans et Bonneval-sur-Arc.\" \/>\n<meta property=\"og:url\" content=\"https:\/\/ouilleallegre.fr\/index.php\/les-lieux-de-concerts\/\" \/>\n<meta property=\"og:site_name\" content=\"Rencontres Artistiques de l&#039;Ouille All\u00e8gre\" \/>\n<meta property=\"article:modified_time\" content=\"2025-10-29T20:33:34+00:00\" \/>\n<meta property=\"og:image\" content=\"https:\/\/ouilleallegre.fr\/wp-content\/uploads\/2024\/06\/P1130433.jpeg\" \/>\n\t<meta property=\"og:image:width\" content=\"1280\" \/>\n\t<meta property=\"og:image:height\" content=\"960\" \/>\n\t<meta property=\"og:image:type\" content=\"image\/jpeg\" \/>\n<meta name=\"twitter:card\" content=\"summary_large_image\" \/>\n<meta name=\"twitter:label1\" content=\"Dur\u00e9e de lecture estim\u00e9e\" \/>\n\t<meta name=\"twitter:data1\" content=\"1 minute\" \/>\n<script type=\"application\/ld+json\" class=\"yoast-schema-graph\">{\"@context\":\"https:\/\/schema.org\",\"@graph\":[{\"@type\":\"WebPage\",\"@id\":\"https:\/\/ouilleallegre.fr\/index.php\/les-lieux-de-concerts\/\",\"url\":\"https:\/\/ouilleallegre.fr\/index.php\/les-lieux-de-concerts\/\",\"name\":\"Les lieux de concerts - Rencontres Artistiques de l&#039;Ouille All\u00e8gre\",\"isPartOf\":{\"@id\":\"https:\/\/ouilleallegre.fr\/#website\"},\"primaryImageOfPage\":{\"@id\":\"https:\/\/ouilleallegre.fr\/index.php\/les-lieux-de-concerts\/#primaryimage\"},\"image\":{\"@id\":\"https:\/\/ouilleallegre.fr\/index.php\/les-lieux-de-concerts\/#primaryimage\"},\"thumbnailUrl\":\"https:\/\/ouilleallegre.fr\/wp-content\/uploads\/2024\/06\/P1130433-1024x768.jpeg\",\"datePublished\":\"2024-06-23T14:10:38+00:00\",\"dateModified\":\"2025-10-29T20:33:34+00:00\",\"description\":\"Les Musicales de l'Ouille All\u00e8gre proposent des concerts dans les \u00e9glises et chapelles de Bessans et Bonneval-sur-Arc.\",\"breadcrumb\":{\"@id\":\"https:\/\/ouilleallegre.fr\/index.php\/les-lieux-de-concerts\/#breadcrumb\"},\"inLanguage\":\"fr-FR\",\"potentialAction\":[{\"@type\":\"ReadAction\",\"target\":[\"https:\/\/ouilleallegre.fr\/index.php\/les-lieux-de-concerts\/\"]}]},{\"@type\":\"ImageObject\",\"inLanguage\":\"fr-FR\",\"@id\":\"https:\/\/ouilleallegre.fr\/index.php\/les-lieux-de-concerts\/#primaryimage\",\"url\":\"https:\/\/ouilleallegre.fr\/wp-content\/uploads\/2024\/06\/P1130433.jpeg\",\"contentUrl\":\"https:\/\/ouilleallegre.fr\/wp-content\/uploads\/2024\/06\/P1130433.jpeg\",\"width\":1280,\"height\":960},{\"@type\":\"BreadcrumbList\",\"@id\":\"https:\/\/ouilleallegre.fr\/index.php\/les-lieux-de-concerts\/#breadcrumb\",\"itemListElement\":[{\"@type\":\"ListItem\",\"position\":1,\"name\":\"Accueil\",\"item\":\"https:\/\/ouilleallegre.fr\/\"},{\"@type\":\"ListItem\",\"position\":2,\"name\":\"Les lieux de concerts\"}]},{\"@type\":\"WebSite\",\"@id\":\"https:\/\/ouilleallegre.fr\/#website\",\"url\":\"https:\/\/ouilleallegre.fr\/\",\"name\":\"Rencontres Artistiques de l'Ouille All\u00e8gre\",\"description\":\"\",\"publisher\":{\"@id\":\"https:\/\/ouilleallegre.fr\/#organization\"},\"potentialAction\":[{\"@type\":\"SearchAction\",\"target\":{\"@type\":\"EntryPoint\",\"urlTemplate\":\"https:\/\/ouilleallegre.fr\/?s={search_term_string}\"},\"query-input\":{\"@type\":\"PropertyValueSpecification\",\"valueRequired\":true,\"valueName\":\"search_term_string\"}}],\"inLanguage\":\"fr-FR\"},{\"@type\":\"Organization\",\"@id\":\"https:\/\/ouilleallegre.fr\/#organization\",\"name\":\"Rencontres Artistiques de l'Ouille All\u00e8gre\",\"url\":\"https:\/\/ouilleallegre.fr\/\",\"logo\":{\"@type\":\"ImageObject\",\"inLanguage\":\"fr-FR\",\"@id\":\"https:\/\/ouilleallegre.fr\/#\/schema\/logo\/image\/\",\"url\":\"https:\/\/ouilleallegre.fr\/wp-content\/uploads\/2024\/06\/Logo_OuilleAllegre_VersionSiteInternet_FondTransparent.png\",\"contentUrl\":\"https:\/\/ouilleallegre.fr\/wp-content\/uploads\/2024\/06\/Logo_OuilleAllegre_VersionSiteInternet_FondTransparent.png\",\"width\":1000,\"height\":375,\"caption\":\"Rencontres Artistiques de l'Ouille All\u00e8gre\"},\"image\":{\"@id\":\"https:\/\/ouilleallegre.fr\/#\/schema\/logo\/image\/\"},\"sameAs\":[\"https:\/\/www.instagram.com\/rencontres_ouille_allegre\/\"]}]}<\/script>\n<!-- \/ Yoast SEO plugin. -->","yoast_head_json":{"title":"Les lieux de concerts - Rencontres Artistiques de l&#039;Ouille All\u00e8gre","description":"Les Musicales de l'Ouille All\u00e8gre proposent des concerts dans les \u00e9glises et chapelles de Bessans et Bonneval-sur-Arc.","robots":{"index":"index","follow":"follow","max-snippet":"max-snippet:-1","max-image-preview":"max-image-preview:large","max-video-preview":"max-video-preview:-1"},"canonical":"https:\/\/ouilleallegre.fr\/index.php\/les-lieux-de-concerts\/","og_locale":"fr_FR","og_type":"article","og_title":"Les lieux de concerts - Rencontres Artistiques de l&#039;Ouille All\u00e8gre","og_description":"Les Musicales de l'Ouille All\u00e8gre proposent des concerts dans les \u00e9glises et chapelles de Bessans et Bonneval-sur-Arc.","og_url":"https:\/\/ouilleallegre.fr\/index.php\/les-lieux-de-concerts\/","og_site_name":"Rencontres Artistiques de l&#039;Ouille All\u00e8gre","article_modified_time":"2025-10-29T20:33:34+00:00","og_image":[{"width":1280,"height":960,"url":"https:\/\/ouilleallegre.fr\/wp-content\/uploads\/2024\/06\/P1130433.jpeg","type":"image\/jpeg"}],"twitter_card":"summary_large_image","twitter_misc":{"Dur\u00e9e de lecture estim\u00e9e":"1 minute"},"schema":{"@context":"https:\/\/schema.org","@graph":[{"@type":"WebPage","@id":"https:\/\/ouilleallegre.fr\/index.php\/les-lieux-de-concerts\/","url":"https:\/\/ouilleallegre.fr\/index.php\/les-lieux-de-concerts\/","name":"Les lieux de concerts - Rencontres Artistiques de l&#039;Ouille All\u00e8gre","isPartOf":{"@id":"https:\/\/ouilleallegre.fr\/#website"},"primaryImageOfPage":{"@id":"https:\/\/ouilleallegre.fr\/index.php\/les-lieux-de-concerts\/#primaryimage"},"image":{"@id":"https:\/\/ouilleallegre.fr\/index.php\/les-lieux-de-concerts\/#primaryimage"},"thumbnailUrl":"https:\/\/ouilleallegre.fr\/wp-content\/uploads\/2024\/06\/P1130433-1024x768.jpeg","datePublished":"2024-06-23T14:10:38+00:00","dateModified":"2025-10-29T20:33:34+00:00","description":"Les Musicales de l'Ouille All\u00e8gre proposent des concerts dans les \u00e9glises et chapelles de Bessans et Bonneval-sur-Arc.","breadcrumb":{"@id":"https:\/\/ouilleallegre.fr\/index.php\/les-lieux-de-concerts\/#breadcrumb"},"inLanguage":"fr-FR","potentialAction":[{"@type":"ReadAction","target":["https:\/\/ouilleallegre.fr\/index.php\/les-lieux-de-concerts\/"]}]},{"@type":"ImageObject","inLanguage":"fr-FR","@id":"https:\/\/ouilleallegre.fr\/index.php\/les-lieux-de-concerts\/#primaryimage","url":"https:\/\/ouilleallegre.fr\/wp-content\/uploads\/2024\/06\/P1130433.jpeg","contentUrl":"https:\/\/ouilleallegre.fr\/wp-content\/uploads\/2024\/06\/P1130433.jpeg","width":1280,"height":960},{"@type":"BreadcrumbList","@id":"https:\/\/ouilleallegre.fr\/index.php\/les-lieux-de-concerts\/#breadcrumb","itemListElement":[{"@type":"ListItem","position":1,"name":"Accueil","item":"https:\/\/ouilleallegre.fr\/"},{"@type":"ListItem","position":2,"name":"Les lieux de concerts"}]},{"@type":"WebSite","@id":"https:\/\/ouilleallegre.fr\/#website","url":"https:\/\/ouilleallegre.fr\/","name":"Rencontres Artistiques de l'Ouille All\u00e8gre","description":"","publisher":{"@id":"https:\/\/ouilleallegre.fr\/#organization"},"potentialAction":[{"@type":"SearchAction","target":{"@type":"EntryPoint","urlTemplate":"https:\/\/ouilleallegre.fr\/?s={search_term_string}"},"query-input":{"@type":"PropertyValueSpecification","valueRequired":true,"valueName":"search_term_string"}}],"inLanguage":"fr-FR"},{"@type":"Organization","@id":"https:\/\/ouilleallegre.fr\/#organization","name":"Rencontres Artistiques de l'Ouille All\u00e8gre","url":"https:\/\/ouilleallegre.fr\/","logo":{"@type":"ImageObject","inLanguage":"fr-FR","@id":"https:\/\/ouilleallegre.fr\/#\/schema\/logo\/image\/","url":"https:\/\/ouilleallegre.fr\/wp-content\/uploads\/2024\/06\/Logo_OuilleAllegre_VersionSiteInternet_FondTransparent.png","contentUrl":"https:\/\/ouilleallegre.fr\/wp-content\/uploads\/2024\/06\/Logo_OuilleAllegre_VersionSiteInternet_FondTransparent.png","width":1000,"height":375,"caption":"Rencontres Artistiques de l'Ouille All\u00e8gre"},"image":{"@id":"https:\/\/ouilleallegre.fr\/#\/schema\/logo\/image\/"},"sameAs":["https:\/\/www.instagram.com\/rencontres_ouille_allegre\/"]}]}},"_links":{"self":[{"href":"https:\/\/ouilleallegre.fr\/index.php\/wp-json\/wp\/v2\/pages\/289","targetHints":{"allow":["GET"]}}],"collection":[{"href":"https:\/\/ouilleallegre.fr\/index.php\/wp-json\/wp\/v2\/pages"}],"about":[{"href":"https:\/\/ouilleallegre.fr\/index.php\/wp-json\/wp\/v2\/types\/page"}],"author":[{"embeddable":true,"href":"https:\/\/ouilleallegre.fr\/index.php\/wp-json\/wp\/v2\/users\/1"}],"replies":[{"embeddable":true,"href":"https:\/\/ouilleallegre.fr\/index.php\/wp-json\/wp\/v2\/comments?post=289"}],"version-history":[{"count":12,"href":"https:\/\/ouilleallegre.fr\/index.php\/wp-json\/wp\/v2\/pages\/289\/revisions"}],"predecessor-version":[{"id":773,"href":"https:\/\/ouilleallegre.fr\/index.php\/wp-json\/wp\/v2\/pages\/289\/revisions\/773"}],"wp:attachment":[{"href":"https:\/\/ouilleallegre.fr\/index.php\/wp-json\/wp\/v2\/media?parent=289"}],"curies":[{"name":"wp","href":"https:\/\/api.w.org\/{rel}","templated":true}]}}