{"id":282,"date":"2024-06-23T16:03:19","date_gmt":"2024-06-23T14:03:19","guid":{"rendered":"https:\/\/ouilleallegre.fr\/?page_id=282"},"modified":"2025-10-29T15:19:06","modified_gmt":"2025-10-29T14:19:06","slug":"les-artistes","status":"publish","type":"page","link":"https:\/\/ouilleallegre.fr\/index.php\/les-artistes\/","title":{"rendered":"Les artistes des Musicales de l&rsquo;Ouille All\u00e8gre"},"content":{"rendered":"\n<div class=\"wp-block-columns is-layout-flex wp-container-core-columns-is-layout-28f84493 wp-block-columns-is-layout-flex\">\n<div class=\"wp-block-column is-layout-flow wp-block-column-is-layout-flow\">\n<p class=\"has-large-font-size\">Edition 2025<\/p>\n<\/div>\n<\/div>\n\n\n\n<div class=\"wp-block-columns is-layout-flex wp-container-core-columns-is-layout-28f84493 wp-block-columns-is-layout-flex\">\n<div class=\"wp-block-column is-layout-flow wp-block-column-is-layout-flow\">\n<figure class=\"wp-block-image size-full is-resized\"><img loading=\"lazy\" decoding=\"async\" width=\"2560\" height=\"1824\" src=\"http:\/\/ouilleallegre.fr\/wp-content\/uploads\/2025\/06\/Scherzino-\u00a9Rencontres-de-lOuille-Allegre-scaled.jpeg\" alt=\"\" class=\"wp-image-603\" style=\"aspect-ratio:4\/3;object-fit:cover;width:500px\" srcset=\"https:\/\/ouilleallegre.fr\/wp-content\/uploads\/2025\/06\/Scherzino-\u00a9Rencontres-de-lOuille-Allegre-scaled.jpeg 2560w, https:\/\/ouilleallegre.fr\/wp-content\/uploads\/2025\/06\/Scherzino-\u00a9Rencontres-de-lOuille-Allegre-300x214.jpeg 300w, https:\/\/ouilleallegre.fr\/wp-content\/uploads\/2025\/06\/Scherzino-\u00a9Rencontres-de-lOuille-Allegre-1024x729.jpeg 1024w, https:\/\/ouilleallegre.fr\/wp-content\/uploads\/2025\/06\/Scherzino-\u00a9Rencontres-de-lOuille-Allegre-768x547.jpeg 768w, https:\/\/ouilleallegre.fr\/wp-content\/uploads\/2025\/06\/Scherzino-\u00a9Rencontres-de-lOuille-Allegre-1536x1094.jpeg 1536w, https:\/\/ouilleallegre.fr\/wp-content\/uploads\/2025\/06\/Scherzino-\u00a9Rencontres-de-lOuille-Allegre-2048x1459.jpeg 2048w\" sizes=\"auto, (max-width: 2560px) 100vw, 2560px\" \/><\/figure>\n\n\n\n<p class=\"has-text-align-center\"><a href=\"https:\/\/ouilleallegre.fr\/index.php\/ensemble-scherzino\/\" data-type=\"page\" data-id=\"642\">Ensemble Scherzino<\/a><\/p>\n<\/div>\n\n\n\n<div class=\"wp-block-column is-layout-flow wp-block-column-is-layout-flow\">\n<figure class=\"wp-block-image size-full is-resized\"><img loading=\"lazy\" decoding=\"async\" width=\"2046\" height=\"1352\" src=\"http:\/\/ouilleallegre.fr\/wp-content\/uploads\/2025\/06\/Trio-2-\u00a9Letizia-Le-Fur-\u00a9De-Bendelac-\u00a9AnneBied.png\" alt=\"\" class=\"wp-image-604\" style=\"aspect-ratio:4\/3;object-fit:cover;width:500px\" srcset=\"https:\/\/ouilleallegre.fr\/wp-content\/uploads\/2025\/06\/Trio-2-\u00a9Letizia-Le-Fur-\u00a9De-Bendelac-\u00a9AnneBied.png 2046w, https:\/\/ouilleallegre.fr\/wp-content\/uploads\/2025\/06\/Trio-2-\u00a9Letizia-Le-Fur-\u00a9De-Bendelac-\u00a9AnneBied-300x198.png 300w, https:\/\/ouilleallegre.fr\/wp-content\/uploads\/2025\/06\/Trio-2-\u00a9Letizia-Le-Fur-\u00a9De-Bendelac-\u00a9AnneBied-1024x677.png 1024w, https:\/\/ouilleallegre.fr\/wp-content\/uploads\/2025\/06\/Trio-2-\u00a9Letizia-Le-Fur-\u00a9De-Bendelac-\u00a9AnneBied-768x507.png 768w, https:\/\/ouilleallegre.fr\/wp-content\/uploads\/2025\/06\/Trio-2-\u00a9Letizia-Le-Fur-\u00a9De-Bendelac-\u00a9AnneBied-1536x1015.png 1536w\" sizes=\"auto, (max-width: 2046px) 100vw, 2046px\" \/><\/figure>\n\n\n\n<p class=\"has-text-align-center\"><a href=\"https:\/\/ouilleallegre.fr\/index.php\/conce-desjardins-allexandredalbronn\/\" data-type=\"page\" data-id=\"646\">Emeline Conc\u00e9<br>Louise Desjardins<br>Aur\u00e9lie Allexandre d&rsquo;Albronn<br><\/a><\/p>\n<\/div>\n\n\n\n<div class=\"wp-block-column is-layout-flow wp-block-column-is-layout-flow\">\n<figure class=\"wp-block-image size-full is-resized\"><img loading=\"lazy\" decoding=\"async\" width=\"2111\" height=\"1775\" src=\"http:\/\/ouilleallegre.fr\/wp-content\/uploads\/2024\/06\/P1130324-copie-1.jpg\" alt=\"\" class=\"wp-image-312\" style=\"aspect-ratio:4\/3;object-fit:cover;width:500px\" srcset=\"https:\/\/ouilleallegre.fr\/wp-content\/uploads\/2024\/06\/P1130324-copie-1.jpg 2111w, https:\/\/ouilleallegre.fr\/wp-content\/uploads\/2024\/06\/P1130324-copie-1-300x252.jpg 300w, https:\/\/ouilleallegre.fr\/wp-content\/uploads\/2024\/06\/P1130324-copie-1-1024x861.jpg 1024w, https:\/\/ouilleallegre.fr\/wp-content\/uploads\/2024\/06\/P1130324-copie-1-768x646.jpg 768w, https:\/\/ouilleallegre.fr\/wp-content\/uploads\/2024\/06\/P1130324-copie-1-1536x1292.jpg 1536w, https:\/\/ouilleallegre.fr\/wp-content\/uploads\/2024\/06\/P1130324-copie-1-2048x1722.jpg 2048w\" sizes=\"auto, (max-width: 2111px) 100vw, 2111px\" \/><\/figure>\n\n\n\n<p class=\"has-text-align-center\"><a href=\"https:\/\/ouilleallegre.fr\/index.php\/ensemble-la-piemontoise\/\" data-type=\"page\" data-id=\"220\">Ensemble La Piemontoise<\/a><\/p>\n<\/div>\n\n\n\n<div class=\"wp-block-column is-layout-flow wp-block-column-is-layout-flow\">\n<figure class=\"wp-block-image aligncenter size-large is-resized\"><img loading=\"lazy\" decoding=\"async\" width=\"1024\" height=\"682\" src=\"http:\/\/ouilleallegre.fr\/wp-content\/uploads\/2025\/06\/Ensemble-Arlequin-\u00a9G.Ferry-\u00a9E.Jacques-1024x682.png\" alt=\"\" class=\"wp-image-605\" style=\"aspect-ratio:4\/3;object-fit:cover;width:500px\" srcset=\"https:\/\/ouilleallegre.fr\/wp-content\/uploads\/2025\/06\/Ensemble-Arlequin-\u00a9G.Ferry-\u00a9E.Jacques-1024x682.png 1024w, https:\/\/ouilleallegre.fr\/wp-content\/uploads\/2025\/06\/Ensemble-Arlequin-\u00a9G.Ferry-\u00a9E.Jacques-300x200.png 300w, https:\/\/ouilleallegre.fr\/wp-content\/uploads\/2025\/06\/Ensemble-Arlequin-\u00a9G.Ferry-\u00a9E.Jacques-768x512.png 768w, https:\/\/ouilleallegre.fr\/wp-content\/uploads\/2025\/06\/Ensemble-Arlequin-\u00a9G.Ferry-\u00a9E.Jacques-1536x1024.png 1536w, https:\/\/ouilleallegre.fr\/wp-content\/uploads\/2025\/06\/Ensemble-Arlequin-\u00a9G.Ferry-\u00a9E.Jacques.png 2000w\" sizes=\"auto, (max-width: 1024px) 100vw, 1024px\" \/><\/figure>\n\n\n\n<p class=\"has-text-align-center\"><a href=\"https:\/\/ouilleallegre.fr\/index.php\/ensemble-arlequin\/\" data-type=\"page\" data-id=\"657\">Ensemble Arlequin<\/a><\/p>\n<\/div>\n<\/div>\n\n\n\n<div class=\"wp-block-columns is-layout-flex wp-container-core-columns-is-layout-28f84493 wp-block-columns-is-layout-flex\">\n<div class=\"wp-block-column is-layout-flow wp-block-column-is-layout-flow\">\n<p class=\"has-large-font-size\">Edition 2024<\/p>\n<\/div>\n<\/div>\n\n\n\n<div class=\"wp-block-columns is-layout-flex wp-container-core-columns-is-layout-28f84493 wp-block-columns-is-layout-flex\">\n<div class=\"wp-block-column is-layout-flow wp-block-column-is-layout-flow\">\n<figure class=\"wp-block-image size-full is-resized\"><img loading=\"lazy\" decoding=\"async\" width=\"2111\" height=\"1775\" src=\"http:\/\/ouilleallegre.fr\/wp-content\/uploads\/2024\/06\/P1130324-copie-1.jpg\" alt=\"\" class=\"wp-image-312\" style=\"aspect-ratio:4\/3;object-fit:cover;width:500px\" srcset=\"https:\/\/ouilleallegre.fr\/wp-content\/uploads\/2024\/06\/P1130324-copie-1.jpg 2111w, https:\/\/ouilleallegre.fr\/wp-content\/uploads\/2024\/06\/P1130324-copie-1-300x252.jpg 300w, https:\/\/ouilleallegre.fr\/wp-content\/uploads\/2024\/06\/P1130324-copie-1-1024x861.jpg 1024w, https:\/\/ouilleallegre.fr\/wp-content\/uploads\/2024\/06\/P1130324-copie-1-768x646.jpg 768w, https:\/\/ouilleallegre.fr\/wp-content\/uploads\/2024\/06\/P1130324-copie-1-1536x1292.jpg 1536w, https:\/\/ouilleallegre.fr\/wp-content\/uploads\/2024\/06\/P1130324-copie-1-2048x1722.jpg 2048w\" sizes=\"auto, (max-width: 2111px) 100vw, 2111px\" \/><\/figure>\n\n\n\n<p class=\"has-text-align-center\"><a href=\"https:\/\/ouilleallegre.fr\/index.php\/ensemble-la-piemontoise\/\" data-type=\"page\" data-id=\"220\">Ensemble La Piemontoise<\/a><\/p>\n<\/div>\n\n\n\n<div class=\"wp-block-column is-layout-flow wp-block-column-is-layout-flow\">\n<figure class=\"wp-block-image aligncenter size-large is-resized\"><a href=\"https:\/\/ouilleallegre.fr\/index.php\/consort-hexacorde\/\"><img loading=\"lazy\" decoding=\"async\" width=\"1024\" height=\"768\" src=\"http:\/\/ouilleallegre.fr\/wp-content\/uploads\/2024\/06\/IMG_0984-1024x768.jpeg\" alt=\"\" class=\"wp-image-229\" style=\"aspect-ratio:4\/3;object-fit:cover;width:500px\" srcset=\"https:\/\/ouilleallegre.fr\/wp-content\/uploads\/2024\/06\/IMG_0984-1024x768.jpeg 1024w, https:\/\/ouilleallegre.fr\/wp-content\/uploads\/2024\/06\/IMG_0984-300x225.jpeg 300w, https:\/\/ouilleallegre.fr\/wp-content\/uploads\/2024\/06\/IMG_0984-768x576.jpeg 768w, https:\/\/ouilleallegre.fr\/wp-content\/uploads\/2024\/06\/IMG_0984-1536x1152.jpeg 1536w, https:\/\/ouilleallegre.fr\/wp-content\/uploads\/2024\/06\/IMG_0984-2048x1536.jpeg 2048w\" sizes=\"auto, (max-width: 1024px) 100vw, 1024px\" \/><\/a><\/figure>\n\n\n\n<p class=\"has-text-align-center\"><a href=\"https:\/\/ouilleallegre.fr\/index.php\/consort-hexacorde\/\" data-type=\"page\" data-id=\"237\">Consort Hexacorde<\/a><\/p>\n<\/div>\n<\/div>\n","protected":false},"excerpt":{"rendered":"<p>Edition 2025 Ensemble Scherzino Emeline Conc\u00e9Louise DesjardinsAur\u00e9lie Allexandre d&rsquo;Albronn Ensemble La Piemontoise Ensemble Arlequin Edition 2024 Ensemble La Piemontoise Consort [&hellip;]<\/p>\n","protected":false},"author":1,"featured_media":0,"parent":0,"menu_order":0,"comment_status":"closed","ping_status":"closed","template":"","meta":{"site-sidebar-layout":"default","site-content-layout":"","ast-site-content-layout":"default","site-content-style":"default","site-sidebar-style":"default","ast-global-header-display":"","ast-banner-title-visibility":"","ast-main-header-display":"","ast-hfb-above-header-display":"","ast-hfb-below-header-display":"","ast-hfb-mobile-header-display":"","site-post-title":"","ast-breadcrumbs-content":"","ast-featured-img":"","footer-sml-layout":"","theme-transparent-header-meta":"","adv-header-id-meta":"","stick-header-meta":"","header-above-stick-meta":"","header-main-stick-meta":"","header-below-stick-meta":"","astra-migrate-meta-layouts":"default","ast-page-background-enabled":"default","ast-page-background-meta":{"desktop":{"background-color":"var(--ast-global-color-4)","background-image":"","background-repeat":"repeat","background-position":"center center","background-size":"auto","background-attachment":"scroll","background-type":"","background-media":"","overlay-type":"","overlay-color":"","overlay-opacity":"","overlay-gradient":""},"tablet":{"background-color":"","background-image":"","background-repeat":"repeat","background-position":"center center","background-size":"auto","background-attachment":"scroll","background-type":"","background-media":"","overlay-type":"","overlay-color":"","overlay-opacity":"","overlay-gradient":""},"mobile":{"background-color":"","background-image":"","background-repeat":"repeat","background-position":"center center","background-size":"auto","background-attachment":"scroll","background-type":"","background-media":"","overlay-type":"","overlay-color":"","overlay-opacity":"","overlay-gradient":""}},"ast-content-background-meta":{"desktop":{"background-color":"var(--ast-global-color-5)","background-image":"","background-repeat":"repeat","background-position":"center center","background-size":"auto","background-attachment":"scroll","background-type":"","background-media":"","overlay-type":"","overlay-color":"","overlay-opacity":"","overlay-gradient":""},"tablet":{"background-color":"var(--ast-global-color-5)","background-image":"","background-repeat":"repeat","background-position":"center center","background-size":"auto","background-attachment":"scroll","background-type":"","background-media":"","overlay-type":"","overlay-color":"","overlay-opacity":"","overlay-gradient":""},"mobile":{"background-color":"var(--ast-global-color-5)","background-image":"","background-repeat":"repeat","background-position":"center center","background-size":"auto","background-attachment":"scroll","background-type":"","background-media":"","overlay-type":"","overlay-color":"","overlay-opacity":"","overlay-gradient":""}},"footnotes":""},"class_list":["post-282","page","type-page","status-publish","hentry"],"yoast_head":"<!-- This site is optimized with the Yoast SEO plugin v26.2 - https:\/\/yoast.com\/wordpress\/plugins\/seo\/ -->\n<title>Les artistes des Musicales de l&#039;Ouille All\u00e8gre - Rencontres Artistiques de l&#039;Ouille All\u00e8gre<\/title>\n<meta name=\"description\" content=\"Retrouvez les artistes des diff\u00e9rentes \u00e9ditions des Musicales de l&#039;Ouille All\u00e8gre depuis la cr\u00e9ation du festival.\" \/>\n<meta name=\"robots\" content=\"index, follow, max-snippet:-1, max-image-preview:large, max-video-preview:-1\" \/>\n<link rel=\"canonical\" href=\"https:\/\/ouilleallegre.fr\/index.php\/les-artistes\/\" \/>\n<meta property=\"og:locale\" content=\"fr_FR\" \/>\n<meta property=\"og:type\" content=\"article\" \/>\n<meta property=\"og:title\" content=\"Les artistes des Musicales de l&#039;Ouille All\u00e8gre - Rencontres Artistiques de l&#039;Ouille All\u00e8gre\" \/>\n<meta property=\"og:description\" content=\"Retrouvez les artistes des diff\u00e9rentes \u00e9ditions des Musicales de l&#039;Ouille All\u00e8gre depuis la cr\u00e9ation du festival.\" \/>\n<meta property=\"og:url\" content=\"https:\/\/ouilleallegre.fr\/index.php\/les-artistes\/\" \/>\n<meta property=\"og:site_name\" content=\"Rencontres Artistiques de l&#039;Ouille All\u00e8gre\" \/>\n<meta property=\"article:modified_time\" content=\"2025-10-29T14:19:06+00:00\" \/>\n<meta property=\"og:image\" content=\"http:\/\/ouilleallegre.fr\/wp-content\/uploads\/2024\/06\/P1130324-copie-1.jpg\" \/>\n<meta name=\"twitter:card\" content=\"summary_large_image\" \/>\n<meta name=\"twitter:label1\" content=\"Dur\u00e9e de lecture estim\u00e9e\" \/>\n\t<meta name=\"twitter:data1\" content=\"2 minutes\" \/>\n<script type=\"application\/ld+json\" class=\"yoast-schema-graph\">{\"@context\":\"https:\/\/schema.org\",\"@graph\":[{\"@type\":\"WebPage\",\"@id\":\"https:\/\/ouilleallegre.fr\/index.php\/les-artistes\/\",\"url\":\"https:\/\/ouilleallegre.fr\/index.php\/les-artistes\/\",\"name\":\"Les artistes des Musicales de l'Ouille All\u00e8gre - Rencontres Artistiques de l&#039;Ouille All\u00e8gre\",\"isPartOf\":{\"@id\":\"https:\/\/ouilleallegre.fr\/#website\"},\"primaryImageOfPage\":{\"@id\":\"https:\/\/ouilleallegre.fr\/index.php\/les-artistes\/#primaryimage\"},\"image\":{\"@id\":\"https:\/\/ouilleallegre.fr\/index.php\/les-artistes\/#primaryimage\"},\"thumbnailUrl\":\"http:\/\/ouilleallegre.fr\/wp-content\/uploads\/2024\/06\/P1130324-copie-1.jpg\",\"datePublished\":\"2024-06-23T14:03:19+00:00\",\"dateModified\":\"2025-10-29T14:19:06+00:00\",\"description\":\"Retrouvez les artistes des diff\u00e9rentes \u00e9ditions des Musicales de l'Ouille All\u00e8gre depuis la cr\u00e9ation du festival.\",\"breadcrumb\":{\"@id\":\"https:\/\/ouilleallegre.fr\/index.php\/les-artistes\/#breadcrumb\"},\"inLanguage\":\"fr-FR\",\"potentialAction\":[{\"@type\":\"ReadAction\",\"target\":[\"https:\/\/ouilleallegre.fr\/index.php\/les-artistes\/\"]}]},{\"@type\":\"ImageObject\",\"inLanguage\":\"fr-FR\",\"@id\":\"https:\/\/ouilleallegre.fr\/index.php\/les-artistes\/#primaryimage\",\"url\":\"https:\/\/ouilleallegre.fr\/wp-content\/uploads\/2024\/06\/P1130324-copie-1.jpg\",\"contentUrl\":\"https:\/\/ouilleallegre.fr\/wp-content\/uploads\/2024\/06\/P1130324-copie-1.jpg\",\"width\":2111,\"height\":1775},{\"@type\":\"BreadcrumbList\",\"@id\":\"https:\/\/ouilleallegre.fr\/index.php\/les-artistes\/#breadcrumb\",\"itemListElement\":[{\"@type\":\"ListItem\",\"position\":1,\"name\":\"Accueil\",\"item\":\"https:\/\/ouilleallegre.fr\/\"},{\"@type\":\"ListItem\",\"position\":2,\"name\":\"Les artistes des Musicales de l&rsquo;Ouille All\u00e8gre\"}]},{\"@type\":\"WebSite\",\"@id\":\"https:\/\/ouilleallegre.fr\/#website\",\"url\":\"https:\/\/ouilleallegre.fr\/\",\"name\":\"Rencontres Artistiques de l'Ouille All\u00e8gre\",\"description\":\"\",\"publisher\":{\"@id\":\"https:\/\/ouilleallegre.fr\/#organization\"},\"potentialAction\":[{\"@type\":\"SearchAction\",\"target\":{\"@type\":\"EntryPoint\",\"urlTemplate\":\"https:\/\/ouilleallegre.fr\/?s={search_term_string}\"},\"query-input\":{\"@type\":\"PropertyValueSpecification\",\"valueRequired\":true,\"valueName\":\"search_term_string\"}}],\"inLanguage\":\"fr-FR\"},{\"@type\":\"Organization\",\"@id\":\"https:\/\/ouilleallegre.fr\/#organization\",\"name\":\"Rencontres Artistiques de l'Ouille All\u00e8gre\",\"url\":\"https:\/\/ouilleallegre.fr\/\",\"logo\":{\"@type\":\"ImageObject\",\"inLanguage\":\"fr-FR\",\"@id\":\"https:\/\/ouilleallegre.fr\/#\/schema\/logo\/image\/\",\"url\":\"https:\/\/ouilleallegre.fr\/wp-content\/uploads\/2024\/06\/Logo_OuilleAllegre_VersionSiteInternet_FondTransparent.png\",\"contentUrl\":\"https:\/\/ouilleallegre.fr\/wp-content\/uploads\/2024\/06\/Logo_OuilleAllegre_VersionSiteInternet_FondTransparent.png\",\"width\":1000,\"height\":375,\"caption\":\"Rencontres Artistiques de l'Ouille All\u00e8gre\"},\"image\":{\"@id\":\"https:\/\/ouilleallegre.fr\/#\/schema\/logo\/image\/\"},\"sameAs\":[\"https:\/\/www.instagram.com\/rencontres_ouille_allegre\/\"]}]}<\/script>\n<!-- \/ Yoast SEO plugin. -->","yoast_head_json":{"title":"Les artistes des Musicales de l'Ouille All\u00e8gre - Rencontres Artistiques de l&#039;Ouille All\u00e8gre","description":"Retrouvez les artistes des diff\u00e9rentes \u00e9ditions des Musicales de l'Ouille All\u00e8gre depuis la cr\u00e9ation du festival.","robots":{"index":"index","follow":"follow","max-snippet":"max-snippet:-1","max-image-preview":"max-image-preview:large","max-video-preview":"max-video-preview:-1"},"canonical":"https:\/\/ouilleallegre.fr\/index.php\/les-artistes\/","og_locale":"fr_FR","og_type":"article","og_title":"Les artistes des Musicales de l'Ouille All\u00e8gre - Rencontres Artistiques de l&#039;Ouille All\u00e8gre","og_description":"Retrouvez les artistes des diff\u00e9rentes \u00e9ditions des Musicales de l'Ouille All\u00e8gre depuis la cr\u00e9ation du festival.","og_url":"https:\/\/ouilleallegre.fr\/index.php\/les-artistes\/","og_site_name":"Rencontres Artistiques de l&#039;Ouille All\u00e8gre","article_modified_time":"2025-10-29T14:19:06+00:00","og_image":[{"url":"http:\/\/ouilleallegre.fr\/wp-content\/uploads\/2024\/06\/P1130324-copie-1.jpg","type":"","width":"","height":""}],"twitter_card":"summary_large_image","twitter_misc":{"Dur\u00e9e de lecture estim\u00e9e":"2 minutes"},"schema":{"@context":"https:\/\/schema.org","@graph":[{"@type":"WebPage","@id":"https:\/\/ouilleallegre.fr\/index.php\/les-artistes\/","url":"https:\/\/ouilleallegre.fr\/index.php\/les-artistes\/","name":"Les artistes des Musicales de l'Ouille All\u00e8gre - Rencontres Artistiques de l&#039;Ouille All\u00e8gre","isPartOf":{"@id":"https:\/\/ouilleallegre.fr\/#website"},"primaryImageOfPage":{"@id":"https:\/\/ouilleallegre.fr\/index.php\/les-artistes\/#primaryimage"},"image":{"@id":"https:\/\/ouilleallegre.fr\/index.php\/les-artistes\/#primaryimage"},"thumbnailUrl":"http:\/\/ouilleallegre.fr\/wp-content\/uploads\/2024\/06\/P1130324-copie-1.jpg","datePublished":"2024-06-23T14:03:19+00:00","dateModified":"2025-10-29T14:19:06+00:00","description":"Retrouvez les artistes des diff\u00e9rentes \u00e9ditions des Musicales de l'Ouille All\u00e8gre depuis la cr\u00e9ation du festival.","breadcrumb":{"@id":"https:\/\/ouilleallegre.fr\/index.php\/les-artistes\/#breadcrumb"},"inLanguage":"fr-FR","potentialAction":[{"@type":"ReadAction","target":["https:\/\/ouilleallegre.fr\/index.php\/les-artistes\/"]}]},{"@type":"ImageObject","inLanguage":"fr-FR","@id":"https:\/\/ouilleallegre.fr\/index.php\/les-artistes\/#primaryimage","url":"https:\/\/ouilleallegre.fr\/wp-content\/uploads\/2024\/06\/P1130324-copie-1.jpg","contentUrl":"https:\/\/ouilleallegre.fr\/wp-content\/uploads\/2024\/06\/P1130324-copie-1.jpg","width":2111,"height":1775},{"@type":"BreadcrumbList","@id":"https:\/\/ouilleallegre.fr\/index.php\/les-artistes\/#breadcrumb","itemListElement":[{"@type":"ListItem","position":1,"name":"Accueil","item":"https:\/\/ouilleallegre.fr\/"},{"@type":"ListItem","position":2,"name":"Les artistes des Musicales de l&rsquo;Ouille All\u00e8gre"}]},{"@type":"WebSite","@id":"https:\/\/ouilleallegre.fr\/#website","url":"https:\/\/ouilleallegre.fr\/","name":"Rencontres Artistiques de l'Ouille All\u00e8gre","description":"","publisher":{"@id":"https:\/\/ouilleallegre.fr\/#organization"},"potentialAction":[{"@type":"SearchAction","target":{"@type":"EntryPoint","urlTemplate":"https:\/\/ouilleallegre.fr\/?s={search_term_string}"},"query-input":{"@type":"PropertyValueSpecification","valueRequired":true,"valueName":"search_term_string"}}],"inLanguage":"fr-FR"},{"@type":"Organization","@id":"https:\/\/ouilleallegre.fr\/#organization","name":"Rencontres Artistiques de l'Ouille All\u00e8gre","url":"https:\/\/ouilleallegre.fr\/","logo":{"@type":"ImageObject","inLanguage":"fr-FR","@id":"https:\/\/ouilleallegre.fr\/#\/schema\/logo\/image\/","url":"https:\/\/ouilleallegre.fr\/wp-content\/uploads\/2024\/06\/Logo_OuilleAllegre_VersionSiteInternet_FondTransparent.png","contentUrl":"https:\/\/ouilleallegre.fr\/wp-content\/uploads\/2024\/06\/Logo_OuilleAllegre_VersionSiteInternet_FondTransparent.png","width":1000,"height":375,"caption":"Rencontres Artistiques de l'Ouille All\u00e8gre"},"image":{"@id":"https:\/\/ouilleallegre.fr\/#\/schema\/logo\/image\/"},"sameAs":["https:\/\/www.instagram.com\/rencontres_ouille_allegre\/"]}]}},"_links":{"self":[{"href":"https:\/\/ouilleallegre.fr\/index.php\/wp-json\/wp\/v2\/pages\/282","targetHints":{"allow":["GET"]}}],"collection":[{"href":"https:\/\/ouilleallegre.fr\/index.php\/wp-json\/wp\/v2\/pages"}],"about":[{"href":"https:\/\/ouilleallegre.fr\/index.php\/wp-json\/wp\/v2\/types\/page"}],"author":[{"embeddable":true,"href":"https:\/\/ouilleallegre.fr\/index.php\/wp-json\/wp\/v2\/users\/1"}],"replies":[{"embeddable":true,"href":"https:\/\/ouilleallegre.fr\/index.php\/wp-json\/wp\/v2\/comments?post=282"}],"version-history":[{"count":11,"href":"https:\/\/ouilleallegre.fr\/index.php\/wp-json\/wp\/v2\/pages\/282\/revisions"}],"predecessor-version":[{"id":669,"href":"https:\/\/ouilleallegre.fr\/index.php\/wp-json\/wp\/v2\/pages\/282\/revisions\/669"}],"wp:attachment":[{"href":"https:\/\/ouilleallegre.fr\/index.php\/wp-json\/wp\/v2\/media?parent=282"}],"curies":[{"name":"wp","href":"https:\/\/api.w.org\/{rel}","templated":true}]}}