{"id":207,"date":"2024-06-23T09:49:12","date_gmt":"2024-06-23T07:49:12","guid":{"rendered":"https:\/\/ouilleallegre.fr\/?page_id=207"},"modified":"2025-10-29T15:07:26","modified_gmt":"2025-10-29T14:07:26","slug":"les-musicales-de-louille-allegre","status":"publish","type":"page","link":"https:\/\/ouilleallegre.fr\/index.php\/les-musicales-de-louille-allegre\/","title":{"rendered":"Les Musicales de l&rsquo;Ouille All\u00e8gre"},"content":{"rendered":"\n<div class=\"wp-block-columns is-layout-flex wp-container-core-columns-is-layout-28f84493 wp-block-columns-is-layout-flex\">\n<div class=\"wp-block-column is-layout-flow wp-block-column-is-layout-flow\">\n<p>Le Festival \u00ab Musicales de l\u2019Ouille All\u00e8gre \u00bb s\u2019adresse au public de Bessans et Bonneval-sur-Arc, mais \u00e9galement \u00e0 toute la vall\u00e9e, tant les vacanciers que les r\u00e9sidents. Il propose des concerts classiques de qualit\u00e9, avec des musiciens professionnels abordant des r\u00e9pertoires vari\u00e9s de la musique baroque ou autre.<br><br>Ce qui anime les musiciens et les organisateurs c\u2019est de rendre cette offre proche g\u00e9ographiquement, \u00e0 un prix raisonnable. Ils souhaitent contribuer \u00e0 mettre en valeur le patrimoine en investissant les \u00e9glises et chapelles de Bessans et Bonneval-sur-Arc, b\u00e9n\u00e9ficiant de leur acoustique particuli\u00e8re. Ils n\u2019oublient pas l\u2019aspect didactique en proposant les \u00ab Cl\u00e9s d\u2019\u00e9coute \u00bb : en avant-concert, des pr\u00e9sentations courtes, en termes simples, faites par les musiciens eux-m\u00eames, des \u0153uvres jou\u00e9es au concert, (contexte, extraits significatifs \u2026).<br><\/p>\n\n\n\n<p>Le nom d\u2019Ouille All\u00e8gre, cette montagne majestueuse du fond de la vall\u00e9e de la Maurienne, \u00e0 mi-chemin entre Bonneval-sur-Arc et Bessans, sonne comme une invitation \u00e0 l\u2019all\u00e9gresse !<\/p>\n<\/div>\n<\/div>\n\n\n\n<div class=\"wp-block-columns is-layout-flex wp-container-core-columns-is-layout-28f84493 wp-block-columns-is-layout-flex\">\n<div class=\"wp-block-column is-layout-flow wp-block-column-is-layout-flow\">\n<div class=\"wp-block-buttons is-content-justification-center is-layout-flex wp-container-core-buttons-is-layout-a89b3969 wp-block-buttons-is-layout-flex\">\n<div class=\"wp-block-button\"><a class=\"wp-block-button__link wp-element-button\" href=\"https:\/\/ouilleallegre.fr\/index.php\/programmation-2025\/\">Programmation 2025<\/a><\/div>\n\n\n\n<div class=\"wp-block-button\"><a class=\"wp-block-button__link wp-element-button\" href=\"https:\/\/www.helloasso.com\/associations\/rencontres-artistiques-de-l-ouille-allegre\/evenements\/musicales-de-l-ouille-allegre-2025\" target=\"_blank\" rel=\"noreferrer noopener\">Billetterie<\/a><\/div>\n<\/div>\n<\/div>\n<\/div>\n\n\n\n<p><\/p>\n","protected":false},"excerpt":{"rendered":"<p>Le Festival \u00ab Musicales de l\u2019Ouille All\u00e8gre \u00bb s\u2019adresse au public de Bessans et Bonneval-sur-Arc, mais \u00e9galement \u00e0 toute la [&hellip;]<\/p>\n","protected":false},"author":1,"featured_media":0,"parent":0,"menu_order":0,"comment_status":"closed","ping_status":"closed","template":"","meta":{"site-sidebar-layout":"default","site-content-layout":"","ast-site-content-layout":"default","site-content-style":"default","site-sidebar-style":"default","ast-global-header-display":"","ast-banner-title-visibility":"","ast-main-header-display":"","ast-hfb-above-header-display":"","ast-hfb-below-header-display":"","ast-hfb-mobile-header-display":"","site-post-title":"","ast-breadcrumbs-content":"","ast-featured-img":"","footer-sml-layout":"","theme-transparent-header-meta":"","adv-header-id-meta":"","stick-header-meta":"","header-above-stick-meta":"","header-main-stick-meta":"","header-below-stick-meta":"","astra-migrate-meta-layouts":"default","ast-page-background-enabled":"default","ast-page-background-meta":{"desktop":{"background-color":"var(--ast-global-color-4)","background-image":"","background-repeat":"repeat","background-position":"center center","background-size":"auto","background-attachment":"scroll","background-type":"","background-media":"","overlay-type":"","overlay-color":"","overlay-opacity":"","overlay-gradient":""},"tablet":{"background-color":"","background-image":"","background-repeat":"repeat","background-position":"center center","background-size":"auto","background-attachment":"scroll","background-type":"","background-media":"","overlay-type":"","overlay-color":"","overlay-opacity":"","overlay-gradient":""},"mobile":{"background-color":"","background-image":"","background-repeat":"repeat","background-position":"center center","background-size":"auto","background-attachment":"scroll","background-type":"","background-media":"","overlay-type":"","overlay-color":"","overlay-opacity":"","overlay-gradient":""}},"ast-content-background-meta":{"desktop":{"background-color":"var(--ast-global-color-5)","background-image":"","background-repeat":"repeat","background-position":"center center","background-size":"auto","background-attachment":"scroll","background-type":"","background-media":"","overlay-type":"","overlay-color":"","overlay-opacity":"","overlay-gradient":""},"tablet":{"background-color":"var(--ast-global-color-5)","background-image":"","background-repeat":"repeat","background-position":"center center","background-size":"auto","background-attachment":"scroll","background-type":"","background-media":"","overlay-type":"","overlay-color":"","overlay-opacity":"","overlay-gradient":""},"mobile":{"background-color":"var(--ast-global-color-5)","background-image":"","background-repeat":"repeat","background-position":"center center","background-size":"auto","background-attachment":"scroll","background-type":"","background-media":"","overlay-type":"","overlay-color":"","overlay-opacity":"","overlay-gradient":""}},"footnotes":""},"class_list":["post-207","page","type-page","status-publish","hentry"],"yoast_head":"<!-- This site is optimized with the Yoast SEO plugin v26.2 - https:\/\/yoast.com\/wordpress\/plugins\/seo\/ -->\n<title>Les Musicales de l&#039;Ouille All\u00e8gre - Rencontres Artistiques de l&#039;Ouille All\u00e8gre<\/title>\n<meta name=\"description\" content=\"Le Festival \u00ab\u00a0Musicales de l\u2019Ouille All\u00e8gre\u00a0\u00bb propose des concerts de musique classique dans les \u00e9glises de Bessans et Bonneval-sur-Arc.\" \/>\n<meta name=\"robots\" content=\"index, follow, max-snippet:-1, max-image-preview:large, max-video-preview:-1\" \/>\n<link rel=\"canonical\" href=\"https:\/\/ouilleallegre.fr\/index.php\/les-musicales-de-louille-allegre\/\" \/>\n<meta property=\"og:locale\" content=\"fr_FR\" \/>\n<meta property=\"og:type\" content=\"article\" \/>\n<meta property=\"og:title\" content=\"Les Musicales de l&#039;Ouille All\u00e8gre - Rencontres Artistiques de l&#039;Ouille All\u00e8gre\" \/>\n<meta property=\"og:description\" content=\"Le Festival \u00ab\u00a0Musicales de l\u2019Ouille All\u00e8gre\u00a0\u00bb propose des concerts de musique classique dans les \u00e9glises de Bessans et Bonneval-sur-Arc.\" \/>\n<meta property=\"og:url\" content=\"https:\/\/ouilleallegre.fr\/index.php\/les-musicales-de-louille-allegre\/\" \/>\n<meta property=\"og:site_name\" content=\"Rencontres Artistiques de l&#039;Ouille All\u00e8gre\" \/>\n<meta property=\"article:modified_time\" content=\"2025-10-29T14:07:26+00:00\" \/>\n<meta name=\"twitter:card\" content=\"summary_large_image\" \/>\n<meta name=\"twitter:label1\" content=\"Dur\u00e9e de lecture estim\u00e9e\" \/>\n\t<meta name=\"twitter:data1\" content=\"1 minute\" \/>\n<script type=\"application\/ld+json\" class=\"yoast-schema-graph\">{\"@context\":\"https:\/\/schema.org\",\"@graph\":[{\"@type\":\"WebPage\",\"@id\":\"https:\/\/ouilleallegre.fr\/index.php\/les-musicales-de-louille-allegre\/\",\"url\":\"https:\/\/ouilleallegre.fr\/index.php\/les-musicales-de-louille-allegre\/\",\"name\":\"Les Musicales de l'Ouille All\u00e8gre - Rencontres Artistiques de l&#039;Ouille All\u00e8gre\",\"isPartOf\":{\"@id\":\"https:\/\/ouilleallegre.fr\/#website\"},\"datePublished\":\"2024-06-23T07:49:12+00:00\",\"dateModified\":\"2025-10-29T14:07:26+00:00\",\"description\":\"Le Festival \u00ab\u00a0Musicales de l\u2019Ouille All\u00e8gre\u00a0\u00bb propose des concerts de musique classique dans les \u00e9glises de Bessans et Bonneval-sur-Arc.\",\"breadcrumb\":{\"@id\":\"https:\/\/ouilleallegre.fr\/index.php\/les-musicales-de-louille-allegre\/#breadcrumb\"},\"inLanguage\":\"fr-FR\",\"potentialAction\":[{\"@type\":\"ReadAction\",\"target\":[\"https:\/\/ouilleallegre.fr\/index.php\/les-musicales-de-louille-allegre\/\"]}]},{\"@type\":\"BreadcrumbList\",\"@id\":\"https:\/\/ouilleallegre.fr\/index.php\/les-musicales-de-louille-allegre\/#breadcrumb\",\"itemListElement\":[{\"@type\":\"ListItem\",\"position\":1,\"name\":\"Accueil\",\"item\":\"https:\/\/ouilleallegre.fr\/\"},{\"@type\":\"ListItem\",\"position\":2,\"name\":\"Les Musicales de l&rsquo;Ouille All\u00e8gre\"}]},{\"@type\":\"WebSite\",\"@id\":\"https:\/\/ouilleallegre.fr\/#website\",\"url\":\"https:\/\/ouilleallegre.fr\/\",\"name\":\"Rencontres Artistiques de l'Ouille All\u00e8gre\",\"description\":\"\",\"publisher\":{\"@id\":\"https:\/\/ouilleallegre.fr\/#organization\"},\"potentialAction\":[{\"@type\":\"SearchAction\",\"target\":{\"@type\":\"EntryPoint\",\"urlTemplate\":\"https:\/\/ouilleallegre.fr\/?s={search_term_string}\"},\"query-input\":{\"@type\":\"PropertyValueSpecification\",\"valueRequired\":true,\"valueName\":\"search_term_string\"}}],\"inLanguage\":\"fr-FR\"},{\"@type\":\"Organization\",\"@id\":\"https:\/\/ouilleallegre.fr\/#organization\",\"name\":\"Rencontres Artistiques de l'Ouille All\u00e8gre\",\"url\":\"https:\/\/ouilleallegre.fr\/\",\"logo\":{\"@type\":\"ImageObject\",\"inLanguage\":\"fr-FR\",\"@id\":\"https:\/\/ouilleallegre.fr\/#\/schema\/logo\/image\/\",\"url\":\"https:\/\/ouilleallegre.fr\/wp-content\/uploads\/2024\/06\/Logo_OuilleAllegre_VersionSiteInternet_FondTransparent.png\",\"contentUrl\":\"https:\/\/ouilleallegre.fr\/wp-content\/uploads\/2024\/06\/Logo_OuilleAllegre_VersionSiteInternet_FondTransparent.png\",\"width\":1000,\"height\":375,\"caption\":\"Rencontres Artistiques de l'Ouille All\u00e8gre\"},\"image\":{\"@id\":\"https:\/\/ouilleallegre.fr\/#\/schema\/logo\/image\/\"},\"sameAs\":[\"https:\/\/www.instagram.com\/rencontres_ouille_allegre\/\"]}]}<\/script>\n<!-- \/ Yoast SEO plugin. -->","yoast_head_json":{"title":"Les Musicales de l'Ouille All\u00e8gre - Rencontres Artistiques de l&#039;Ouille All\u00e8gre","description":"Le Festival \u00ab\u00a0Musicales de l\u2019Ouille All\u00e8gre\u00a0\u00bb propose des concerts de musique classique dans les \u00e9glises de Bessans et Bonneval-sur-Arc.","robots":{"index":"index","follow":"follow","max-snippet":"max-snippet:-1","max-image-preview":"max-image-preview:large","max-video-preview":"max-video-preview:-1"},"canonical":"https:\/\/ouilleallegre.fr\/index.php\/les-musicales-de-louille-allegre\/","og_locale":"fr_FR","og_type":"article","og_title":"Les Musicales de l'Ouille All\u00e8gre - Rencontres Artistiques de l&#039;Ouille All\u00e8gre","og_description":"Le Festival \u00ab\u00a0Musicales de l\u2019Ouille All\u00e8gre\u00a0\u00bb propose des concerts de musique classique dans les \u00e9glises de Bessans et Bonneval-sur-Arc.","og_url":"https:\/\/ouilleallegre.fr\/index.php\/les-musicales-de-louille-allegre\/","og_site_name":"Rencontres Artistiques de l&#039;Ouille All\u00e8gre","article_modified_time":"2025-10-29T14:07:26+00:00","twitter_card":"summary_large_image","twitter_misc":{"Dur\u00e9e de lecture estim\u00e9e":"1 minute"},"schema":{"@context":"https:\/\/schema.org","@graph":[{"@type":"WebPage","@id":"https:\/\/ouilleallegre.fr\/index.php\/les-musicales-de-louille-allegre\/","url":"https:\/\/ouilleallegre.fr\/index.php\/les-musicales-de-louille-allegre\/","name":"Les Musicales de l'Ouille All\u00e8gre - Rencontres Artistiques de l&#039;Ouille All\u00e8gre","isPartOf":{"@id":"https:\/\/ouilleallegre.fr\/#website"},"datePublished":"2024-06-23T07:49:12+00:00","dateModified":"2025-10-29T14:07:26+00:00","description":"Le Festival \u00ab\u00a0Musicales de l\u2019Ouille All\u00e8gre\u00a0\u00bb propose des concerts de musique classique dans les \u00e9glises de Bessans et Bonneval-sur-Arc.","breadcrumb":{"@id":"https:\/\/ouilleallegre.fr\/index.php\/les-musicales-de-louille-allegre\/#breadcrumb"},"inLanguage":"fr-FR","potentialAction":[{"@type":"ReadAction","target":["https:\/\/ouilleallegre.fr\/index.php\/les-musicales-de-louille-allegre\/"]}]},{"@type":"BreadcrumbList","@id":"https:\/\/ouilleallegre.fr\/index.php\/les-musicales-de-louille-allegre\/#breadcrumb","itemListElement":[{"@type":"ListItem","position":1,"name":"Accueil","item":"https:\/\/ouilleallegre.fr\/"},{"@type":"ListItem","position":2,"name":"Les Musicales de l&rsquo;Ouille All\u00e8gre"}]},{"@type":"WebSite","@id":"https:\/\/ouilleallegre.fr\/#website","url":"https:\/\/ouilleallegre.fr\/","name":"Rencontres Artistiques de l'Ouille All\u00e8gre","description":"","publisher":{"@id":"https:\/\/ouilleallegre.fr\/#organization"},"potentialAction":[{"@type":"SearchAction","target":{"@type":"EntryPoint","urlTemplate":"https:\/\/ouilleallegre.fr\/?s={search_term_string}"},"query-input":{"@type":"PropertyValueSpecification","valueRequired":true,"valueName":"search_term_string"}}],"inLanguage":"fr-FR"},{"@type":"Organization","@id":"https:\/\/ouilleallegre.fr\/#organization","name":"Rencontres Artistiques de l'Ouille All\u00e8gre","url":"https:\/\/ouilleallegre.fr\/","logo":{"@type":"ImageObject","inLanguage":"fr-FR","@id":"https:\/\/ouilleallegre.fr\/#\/schema\/logo\/image\/","url":"https:\/\/ouilleallegre.fr\/wp-content\/uploads\/2024\/06\/Logo_OuilleAllegre_VersionSiteInternet_FondTransparent.png","contentUrl":"https:\/\/ouilleallegre.fr\/wp-content\/uploads\/2024\/06\/Logo_OuilleAllegre_VersionSiteInternet_FondTransparent.png","width":1000,"height":375,"caption":"Rencontres Artistiques de l'Ouille All\u00e8gre"},"image":{"@id":"https:\/\/ouilleallegre.fr\/#\/schema\/logo\/image\/"},"sameAs":["https:\/\/www.instagram.com\/rencontres_ouille_allegre\/"]}]}},"_links":{"self":[{"href":"https:\/\/ouilleallegre.fr\/index.php\/wp-json\/wp\/v2\/pages\/207","targetHints":{"allow":["GET"]}}],"collection":[{"href":"https:\/\/ouilleallegre.fr\/index.php\/wp-json\/wp\/v2\/pages"}],"about":[{"href":"https:\/\/ouilleallegre.fr\/index.php\/wp-json\/wp\/v2\/types\/page"}],"author":[{"embeddable":true,"href":"https:\/\/ouilleallegre.fr\/index.php\/wp-json\/wp\/v2\/users\/1"}],"replies":[{"embeddable":true,"href":"https:\/\/ouilleallegre.fr\/index.php\/wp-json\/wp\/v2\/comments?post=207"}],"version-history":[{"count":11,"href":"https:\/\/ouilleallegre.fr\/index.php\/wp-json\/wp\/v2\/pages\/207\/revisions"}],"predecessor-version":[{"id":724,"href":"https:\/\/ouilleallegre.fr\/index.php\/wp-json\/wp\/v2\/pages\/207\/revisions\/724"}],"wp:attachment":[{"href":"https:\/\/ouilleallegre.fr\/index.php\/wp-json\/wp\/v2\/media?parent=207"}],"curies":[{"name":"wp","href":"https:\/\/api.w.org\/{rel}","templated":true}]}}