{"id":166,"date":"2024-06-21T22:17:18","date_gmt":"2024-06-21T20:17:18","guid":{"rendered":"https:\/\/ouilleallegre.fr\/?page_id=166"},"modified":"2025-10-29T21:35:49","modified_gmt":"2025-10-29T20:35:49","slug":"informations-pratiques","status":"publish","type":"page","link":"https:\/\/ouilleallegre.fr\/index.php\/informations-pratiques\/","title":{"rendered":"Informations pratiques"},"content":{"rendered":"\n<div class=\"wp-block-columns is-layout-flex wp-container-core-columns-is-layout-28f84493 wp-block-columns-is-layout-flex\">\n<div class=\"wp-block-column is-layout-flow wp-block-column-is-layout-flow\">\n<p class=\"has-text-align-center\">Billetterie des \u00ab\u00a0<strong>Musicales de l&rsquo;Ouille All\u00e8gre 2025<\/strong>\u00a0\u00bb : pour acheter vos billets vous pouvez cliquer sur le lien ou scanner le QR code<\/p>\n\n\n\n<div class=\"wp-block-buttons is-content-justification-center is-layout-flex wp-container-core-buttons-is-layout-a89b3969 wp-block-buttons-is-layout-flex\">\n<div class=\"wp-block-button\"><a class=\"wp-block-button__link wp-element-button\" href=\"https:\/\/www.helloasso.com\/associations\/rencontres-artistiques-de-l-ouille-allegre\/evenements\/musicales-de-l-ouille-allegre-2025\">Billetterie<\/a><\/div>\n<\/div>\n<\/div>\n\n\n\n<div class=\"wp-block-column is-vertically-aligned-center is-layout-flow wp-block-column-is-layout-flow\">\n<figure class=\"wp-block-image aligncenter size-full is-resized\"><img loading=\"lazy\" decoding=\"async\" width=\"600\" height=\"600\" src=\"http:\/\/ouilleallegre.fr\/wp-content\/uploads\/2025\/07\/qrcode.png\" alt=\"\" class=\"wp-image-686\" style=\"width:237px;height:auto\" srcset=\"https:\/\/ouilleallegre.fr\/wp-content\/uploads\/2025\/07\/qrcode.png 600w, https:\/\/ouilleallegre.fr\/wp-content\/uploads\/2025\/07\/qrcode-300x300.png 300w, https:\/\/ouilleallegre.fr\/wp-content\/uploads\/2025\/07\/qrcode-150x150.png 150w\" sizes=\"auto, (max-width: 600px) 100vw, 600px\" \/><\/figure>\n<\/div>\n<\/div>\n\n\n\n<div class=\"wp-block-columns is-layout-flex wp-container-core-columns-is-layout-28f84493 wp-block-columns-is-layout-flex\">\n<div class=\"wp-block-column is-layout-flow wp-block-column-is-layout-flow\">\n<p>Moyens de paiement :<br>Carte bancaire (sauf chapelle St-Pierre d&rsquo;Av\u00e9role), ch\u00e8que, esp\u00e8ces, billetterie en ligne<\/p>\n\n\n\n<p><\/p>\n<\/div>\n<\/div>\n\n\n\n<hr class=\"wp-block-separator has-alpha-channel-opacity\"\/>\n\n\n\n<div class=\"wp-block-columns is-layout-flex wp-container-core-columns-is-layout-28f84493 wp-block-columns-is-layout-flex\">\n<div class=\"wp-block-column is-layout-flow wp-block-column-is-layout-flow\">\n<p>Lieux de concerts :<\/p>\n\n\n\n<ul class=\"wp-block-list\">\n<li>Eglise Saint-Jean-Baptiste, 73480 Bessans<\/li>\n<\/ul>\n\n\n\n<ul class=\"wp-block-list\">\n<li>Chapelle Saint-Pierre, Hameau d&rsquo;Av\u00e9role, 73480 Bessans<\/li>\n<\/ul>\n\n\n\n<ul class=\"wp-block-list\">\n<li>Eglise Notre-Dame-de-l&rsquo;Assomption, 73480 Bonneval-sur-Arc<\/li>\n<\/ul>\n<\/div>\n<\/div>\n\n\n\n<hr class=\"wp-block-separator has-alpha-channel-opacity\"\/>\n\n\n\n<div class=\"wp-block-columns is-layout-flex wp-container-core-columns-is-layout-28f84493 wp-block-columns-is-layout-flex\">\n<div class=\"wp-block-column is-layout-flow wp-block-column-is-layout-flow\">\n<p>Acc\u00e8s \u00e0 la Chapelle Saint-Pierre d&rsquo;Av\u00e9role :<\/p>\n\n\n\n<p><strong>Deux possibilit\u00e9s de navette<\/strong><br><strong>(Tarif AR : 4\u20ac, aller simple 2\u20ac50)<\/strong><\/p>\n\n\n\n<p>\u2013 <em>Sans r\u00e9servation<\/em> : navette n\u00b03 affr\u00e9t\u00e9e par la CCHMV. (15h50 d\u00e9part de Bonneval \u2013 16h00 Bessans \u2013 16h20 Vincendi\u00e8res \u2013 16h30 Hameau d\u2019Av\u00e9role). Pour le retour \u00e0 l\u2019issue du concert le d\u00e9part d\u2019Av\u00e9role sera d\u00e9cal\u00e9 \u00e0 18h15. Paiement directement aupr\u00e8s du chauffeur en esp\u00e8ces.<\/p>\n\n\n\n<p>\u2013 <em>Sur r\u00e9servation<\/em> : navette de la Bessannaise.<br>16h Parking de La Bessannaise \u2013 16h15 parking de Vincendi\u00e8res \u2013 16h30 Av\u00e9role.<br>Retour vers le parking de Vincendi\u00e8res et le parking de La Bessannaise \u00e0 l\u2019issue du concert (entre 18h15 et 18h30).&nbsp;<br>R\u00e9servation et achat du ticket sur la <a href=\"https:\/\/www.helloasso.com\/associations\/rencontres-artistiques-de-l-ouille-allegre\/evenements\/musicales-de-l-ouille-allegre-2025\">billetterie<\/a>.<\/p>\n\n\n\n<p><strong>V\u00e9hicules priv\u00e9s<\/strong><\/p>\n\n\n\n<p>Par autorisation exceptionnelle de la mairie de Bessans, en d\u00e9rogation de l\u2019arr\u00eat\u00e9 municipal en vigueur, &nbsp;les v\u00e9hicules priv\u00e9s pourront monter \u00e0 partir de 16h00 et redescendre suite au concert. Merci de privil\u00e9gier le covoiturage pour limiter le nombre de v\u00e9hicules !&nbsp;<\/p>\n\n\n\n<p><strong>Mont\u00e9e et descente \u00e0 pied<\/strong> sont recommand\u00e9es. Compter entre 35 et 60 minutes en fonction du pas.&nbsp;<\/p>\n\n\n\n<p><\/p>\n<\/div>\n<\/div>\n\n\n\n<hr class=\"wp-block-separator has-alpha-channel-opacity\"\/>\n\n\n\n<p><\/p>\n\n\n\n<p class=\"has-text-align-center\"><strong>Contactez-nous pour toute question<\/strong><\/p>\n\n\n\n<div class=\"wpcf7 no-js\" id=\"wpcf7-f690-o1\" lang=\"fr-FR\" dir=\"ltr\" data-wpcf7-id=\"690\">\n<div class=\"screen-reader-response\"><p role=\"status\" aria-live=\"polite\" aria-atomic=\"true\"><\/p> <ul><\/ul><\/div>\n<form action=\"\/index.php\/wp-json\/wp\/v2\/pages\/166#wpcf7-f690-o1\" method=\"post\" class=\"wpcf7-form init\" aria-label=\"Formulaire de contact\" novalidate=\"novalidate\" data-status=\"init\">\n<fieldset class=\"hidden-fields-container\"><input type=\"hidden\" name=\"_wpcf7\" value=\"690\" \/><input type=\"hidden\" name=\"_wpcf7_version\" value=\"6.1.3\" \/><input type=\"hidden\" name=\"_wpcf7_locale\" value=\"fr_FR\" \/><input type=\"hidden\" name=\"_wpcf7_unit_tag\" value=\"wpcf7-f690-o1\" \/><input type=\"hidden\" name=\"_wpcf7_container_post\" value=\"0\" \/><input type=\"hidden\" name=\"_wpcf7_posted_data_hash\" value=\"\" \/>\n<\/fieldset>\n<p><label> Votre nom<br \/>\n<span class=\"wpcf7-form-control-wrap\" data-name=\"your-name\"><input size=\"40\" maxlength=\"400\" class=\"wpcf7-form-control wpcf7-text wpcf7-validates-as-required\" autocomplete=\"name\" aria-required=\"true\" aria-invalid=\"false\" value=\"\" type=\"text\" name=\"your-name\" \/><\/span> <\/label>\n<\/p>\n<p><label> Votre e-mail<br \/>\n<span class=\"wpcf7-form-control-wrap\" data-name=\"your-email\"><input size=\"40\" maxlength=\"400\" class=\"wpcf7-form-control wpcf7-email wpcf7-validates-as-required wpcf7-text wpcf7-validates-as-email\" autocomplete=\"email\" aria-required=\"true\" aria-invalid=\"false\" value=\"\" type=\"email\" name=\"your-email\" \/><\/span> <\/label>\n<\/p>\n<p><label> Objet<br \/>\n<span class=\"wpcf7-form-control-wrap\" data-name=\"your-subject\"><input size=\"40\" maxlength=\"400\" class=\"wpcf7-form-control wpcf7-text wpcf7-validates-as-required\" aria-required=\"true\" aria-invalid=\"false\" value=\"\" type=\"text\" name=\"your-subject\" \/><\/span> <\/label>\n<\/p>\n<p><label> Votre message<br \/>\n<span class=\"wpcf7-form-control-wrap\" data-name=\"your-message\"><textarea cols=\"40\" rows=\"10\" maxlength=\"2000\" class=\"wpcf7-form-control wpcf7-textarea\" aria-invalid=\"false\" name=\"your-message\"><\/textarea><\/span> <\/label>\n<\/p>\n<p><input class=\"wpcf7-form-control wpcf7-submit has-spinner\" type=\"submit\" value=\"Envoyer\" \/>\n<\/p><div class=\"wpcf7-response-output\" aria-hidden=\"true\"><\/div>\n<\/form>\n<\/div>\n\n","protected":false},"excerpt":{"rendered":"<p>Billetterie des \u00ab\u00a0Musicales de l&rsquo;Ouille All\u00e8gre 2025\u00a0\u00bb : pour acheter vos billets vous pouvez cliquer sur le lien ou scanner [&hellip;]<\/p>\n","protected":false},"author":1,"featured_media":0,"parent":0,"menu_order":0,"comment_status":"closed","ping_status":"closed","template":"","meta":{"site-sidebar-layout":"default","site-content-layout":"","ast-site-content-layout":"default","site-content-style":"default","site-sidebar-style":"default","ast-global-header-display":"","ast-banner-title-visibility":"","ast-main-header-display":"","ast-hfb-above-header-display":"","ast-hfb-below-header-display":"","ast-hfb-mobile-header-display":"","site-post-title":"","ast-breadcrumbs-content":"","ast-featured-img":"","footer-sml-layout":"","theme-transparent-header-meta":"","adv-header-id-meta":"","stick-header-meta":"","header-above-stick-meta":"","header-main-stick-meta":"","header-below-stick-meta":"","astra-migrate-meta-layouts":"default","ast-page-background-enabled":"default","ast-page-background-meta":{"desktop":{"background-color":"var(--ast-global-color-4)","background-image":"","background-repeat":"repeat","background-position":"center center","background-size":"auto","background-attachment":"scroll","background-type":"","background-media":"","overlay-type":"","overlay-color":"","overlay-opacity":"","overlay-gradient":""},"tablet":{"background-color":"","background-image":"","background-repeat":"repeat","background-position":"center center","background-size":"auto","background-attachment":"scroll","background-type":"","background-media":"","overlay-type":"","overlay-color":"","overlay-opacity":"","overlay-gradient":""},"mobile":{"background-color":"","background-image":"","background-repeat":"repeat","background-position":"center center","background-size":"auto","background-attachment":"scroll","background-type":"","background-media":"","overlay-type":"","overlay-color":"","overlay-opacity":"","overlay-gradient":""}},"ast-content-background-meta":{"desktop":{"background-color":"var(--ast-global-color-5)","background-image":"","background-repeat":"repeat","background-position":"center center","background-size":"auto","background-attachment":"scroll","background-type":"","background-media":"","overlay-type":"","overlay-color":"","overlay-opacity":"","overlay-gradient":""},"tablet":{"background-color":"var(--ast-global-color-5)","background-image":"","background-repeat":"repeat","background-position":"center center","background-size":"auto","background-attachment":"scroll","background-type":"","background-media":"","overlay-type":"","overlay-color":"","overlay-opacity":"","overlay-gradient":""},"mobile":{"background-color":"var(--ast-global-color-5)","background-image":"","background-repeat":"repeat","background-position":"center center","background-size":"auto","background-attachment":"scroll","background-type":"","background-media":"","overlay-type":"","overlay-color":"","overlay-opacity":"","overlay-gradient":""}},"footnotes":""},"class_list":["post-166","page","type-page","status-publish","hentry"],"yoast_head":"<!-- This site is optimized with the Yoast SEO plugin v26.2 - https:\/\/yoast.com\/wordpress\/plugins\/seo\/ -->\n<title>Informations pratiques - Rencontres Artistiques de l&#039;Ouille All\u00e8gre<\/title>\n<meta name=\"description\" content=\"Informations pratiques et billetterie des Musicales de l&#039;Ouille All\u00e8gre\" \/>\n<meta name=\"robots\" content=\"index, follow, max-snippet:-1, max-image-preview:large, max-video-preview:-1\" \/>\n<link rel=\"canonical\" href=\"https:\/\/ouilleallegre.fr\/index.php\/informations-pratiques\/\" \/>\n<meta property=\"og:locale\" content=\"fr_FR\" \/>\n<meta property=\"og:type\" content=\"article\" \/>\n<meta property=\"og:title\" content=\"Informations pratiques - Rencontres Artistiques de l&#039;Ouille All\u00e8gre\" \/>\n<meta property=\"og:description\" content=\"Informations pratiques et billetterie des Musicales de l&#039;Ouille All\u00e8gre\" \/>\n<meta property=\"og:url\" content=\"https:\/\/ouilleallegre.fr\/index.php\/informations-pratiques\/\" \/>\n<meta property=\"og:site_name\" content=\"Rencontres Artistiques de l&#039;Ouille All\u00e8gre\" \/>\n<meta property=\"article:modified_time\" content=\"2025-10-29T20:35:49+00:00\" \/>\n<meta property=\"og:image\" content=\"https:\/\/ouilleallegre.fr\/wp-content\/uploads\/2025\/07\/qrcode.png\" \/>\n\t<meta property=\"og:image:width\" content=\"600\" \/>\n\t<meta property=\"og:image:height\" content=\"600\" \/>\n\t<meta property=\"og:image:type\" content=\"image\/png\" \/>\n<meta name=\"twitter:card\" content=\"summary_large_image\" \/>\n<meta name=\"twitter:label1\" content=\"Dur\u00e9e de lecture estim\u00e9e\" \/>\n\t<meta name=\"twitter:data1\" content=\"2 minutes\" \/>\n<script type=\"application\/ld+json\" class=\"yoast-schema-graph\">{\"@context\":\"https:\/\/schema.org\",\"@graph\":[{\"@type\":\"WebPage\",\"@id\":\"https:\/\/ouilleallegre.fr\/index.php\/informations-pratiques\/\",\"url\":\"https:\/\/ouilleallegre.fr\/index.php\/informations-pratiques\/\",\"name\":\"Informations pratiques - Rencontres Artistiques de l&#039;Ouille All\u00e8gre\",\"isPartOf\":{\"@id\":\"https:\/\/ouilleallegre.fr\/#website\"},\"primaryImageOfPage\":{\"@id\":\"https:\/\/ouilleallegre.fr\/index.php\/informations-pratiques\/#primaryimage\"},\"image\":{\"@id\":\"https:\/\/ouilleallegre.fr\/index.php\/informations-pratiques\/#primaryimage\"},\"thumbnailUrl\":\"http:\/\/ouilleallegre.fr\/wp-content\/uploads\/2025\/07\/qrcode.png\",\"datePublished\":\"2024-06-21T20:17:18+00:00\",\"dateModified\":\"2025-10-29T20:35:49+00:00\",\"description\":\"Informations pratiques et billetterie des Musicales de l'Ouille All\u00e8gre\",\"breadcrumb\":{\"@id\":\"https:\/\/ouilleallegre.fr\/index.php\/informations-pratiques\/#breadcrumb\"},\"inLanguage\":\"fr-FR\",\"potentialAction\":[{\"@type\":\"ReadAction\",\"target\":[\"https:\/\/ouilleallegre.fr\/index.php\/informations-pratiques\/\"]}]},{\"@type\":\"ImageObject\",\"inLanguage\":\"fr-FR\",\"@id\":\"https:\/\/ouilleallegre.fr\/index.php\/informations-pratiques\/#primaryimage\",\"url\":\"https:\/\/ouilleallegre.fr\/wp-content\/uploads\/2025\/07\/qrcode.png\",\"contentUrl\":\"https:\/\/ouilleallegre.fr\/wp-content\/uploads\/2025\/07\/qrcode.png\",\"width\":600,\"height\":600},{\"@type\":\"BreadcrumbList\",\"@id\":\"https:\/\/ouilleallegre.fr\/index.php\/informations-pratiques\/#breadcrumb\",\"itemListElement\":[{\"@type\":\"ListItem\",\"position\":1,\"name\":\"Accueil\",\"item\":\"https:\/\/ouilleallegre.fr\/\"},{\"@type\":\"ListItem\",\"position\":2,\"name\":\"Informations pratiques\"}]},{\"@type\":\"WebSite\",\"@id\":\"https:\/\/ouilleallegre.fr\/#website\",\"url\":\"https:\/\/ouilleallegre.fr\/\",\"name\":\"Rencontres Artistiques de l'Ouille All\u00e8gre\",\"description\":\"\",\"publisher\":{\"@id\":\"https:\/\/ouilleallegre.fr\/#organization\"},\"potentialAction\":[{\"@type\":\"SearchAction\",\"target\":{\"@type\":\"EntryPoint\",\"urlTemplate\":\"https:\/\/ouilleallegre.fr\/?s={search_term_string}\"},\"query-input\":{\"@type\":\"PropertyValueSpecification\",\"valueRequired\":true,\"valueName\":\"search_term_string\"}}],\"inLanguage\":\"fr-FR\"},{\"@type\":\"Organization\",\"@id\":\"https:\/\/ouilleallegre.fr\/#organization\",\"name\":\"Rencontres Artistiques de l'Ouille All\u00e8gre\",\"url\":\"https:\/\/ouilleallegre.fr\/\",\"logo\":{\"@type\":\"ImageObject\",\"inLanguage\":\"fr-FR\",\"@id\":\"https:\/\/ouilleallegre.fr\/#\/schema\/logo\/image\/\",\"url\":\"https:\/\/ouilleallegre.fr\/wp-content\/uploads\/2024\/06\/Logo_OuilleAllegre_VersionSiteInternet_FondTransparent.png\",\"contentUrl\":\"https:\/\/ouilleallegre.fr\/wp-content\/uploads\/2024\/06\/Logo_OuilleAllegre_VersionSiteInternet_FondTransparent.png\",\"width\":1000,\"height\":375,\"caption\":\"Rencontres Artistiques de l'Ouille All\u00e8gre\"},\"image\":{\"@id\":\"https:\/\/ouilleallegre.fr\/#\/schema\/logo\/image\/\"},\"sameAs\":[\"https:\/\/www.instagram.com\/rencontres_ouille_allegre\/\"]}]}<\/script>\n<!-- \/ Yoast SEO plugin. -->","yoast_head_json":{"title":"Informations pratiques - Rencontres Artistiques de l&#039;Ouille All\u00e8gre","description":"Informations pratiques et billetterie des Musicales de l'Ouille All\u00e8gre","robots":{"index":"index","follow":"follow","max-snippet":"max-snippet:-1","max-image-preview":"max-image-preview:large","max-video-preview":"max-video-preview:-1"},"canonical":"https:\/\/ouilleallegre.fr\/index.php\/informations-pratiques\/","og_locale":"fr_FR","og_type":"article","og_title":"Informations pratiques - Rencontres Artistiques de l&#039;Ouille All\u00e8gre","og_description":"Informations pratiques et billetterie des Musicales de l'Ouille All\u00e8gre","og_url":"https:\/\/ouilleallegre.fr\/index.php\/informations-pratiques\/","og_site_name":"Rencontres Artistiques de l&#039;Ouille All\u00e8gre","article_modified_time":"2025-10-29T20:35:49+00:00","og_image":[{"width":600,"height":600,"url":"https:\/\/ouilleallegre.fr\/wp-content\/uploads\/2025\/07\/qrcode.png","type":"image\/png"}],"twitter_card":"summary_large_image","twitter_misc":{"Dur\u00e9e de lecture estim\u00e9e":"2 minutes"},"schema":{"@context":"https:\/\/schema.org","@graph":[{"@type":"WebPage","@id":"https:\/\/ouilleallegre.fr\/index.php\/informations-pratiques\/","url":"https:\/\/ouilleallegre.fr\/index.php\/informations-pratiques\/","name":"Informations pratiques - Rencontres Artistiques de l&#039;Ouille All\u00e8gre","isPartOf":{"@id":"https:\/\/ouilleallegre.fr\/#website"},"primaryImageOfPage":{"@id":"https:\/\/ouilleallegre.fr\/index.php\/informations-pratiques\/#primaryimage"},"image":{"@id":"https:\/\/ouilleallegre.fr\/index.php\/informations-pratiques\/#primaryimage"},"thumbnailUrl":"http:\/\/ouilleallegre.fr\/wp-content\/uploads\/2025\/07\/qrcode.png","datePublished":"2024-06-21T20:17:18+00:00","dateModified":"2025-10-29T20:35:49+00:00","description":"Informations pratiques et billetterie des Musicales de l'Ouille All\u00e8gre","breadcrumb":{"@id":"https:\/\/ouilleallegre.fr\/index.php\/informations-pratiques\/#breadcrumb"},"inLanguage":"fr-FR","potentialAction":[{"@type":"ReadAction","target":["https:\/\/ouilleallegre.fr\/index.php\/informations-pratiques\/"]}]},{"@type":"ImageObject","inLanguage":"fr-FR","@id":"https:\/\/ouilleallegre.fr\/index.php\/informations-pratiques\/#primaryimage","url":"https:\/\/ouilleallegre.fr\/wp-content\/uploads\/2025\/07\/qrcode.png","contentUrl":"https:\/\/ouilleallegre.fr\/wp-content\/uploads\/2025\/07\/qrcode.png","width":600,"height":600},{"@type":"BreadcrumbList","@id":"https:\/\/ouilleallegre.fr\/index.php\/informations-pratiques\/#breadcrumb","itemListElement":[{"@type":"ListItem","position":1,"name":"Accueil","item":"https:\/\/ouilleallegre.fr\/"},{"@type":"ListItem","position":2,"name":"Informations pratiques"}]},{"@type":"WebSite","@id":"https:\/\/ouilleallegre.fr\/#website","url":"https:\/\/ouilleallegre.fr\/","name":"Rencontres Artistiques de l'Ouille All\u00e8gre","description":"","publisher":{"@id":"https:\/\/ouilleallegre.fr\/#organization"},"potentialAction":[{"@type":"SearchAction","target":{"@type":"EntryPoint","urlTemplate":"https:\/\/ouilleallegre.fr\/?s={search_term_string}"},"query-input":{"@type":"PropertyValueSpecification","valueRequired":true,"valueName":"search_term_string"}}],"inLanguage":"fr-FR"},{"@type":"Organization","@id":"https:\/\/ouilleallegre.fr\/#organization","name":"Rencontres Artistiques de l'Ouille All\u00e8gre","url":"https:\/\/ouilleallegre.fr\/","logo":{"@type":"ImageObject","inLanguage":"fr-FR","@id":"https:\/\/ouilleallegre.fr\/#\/schema\/logo\/image\/","url":"https:\/\/ouilleallegre.fr\/wp-content\/uploads\/2024\/06\/Logo_OuilleAllegre_VersionSiteInternet_FondTransparent.png","contentUrl":"https:\/\/ouilleallegre.fr\/wp-content\/uploads\/2024\/06\/Logo_OuilleAllegre_VersionSiteInternet_FondTransparent.png","width":1000,"height":375,"caption":"Rencontres Artistiques de l'Ouille All\u00e8gre"},"image":{"@id":"https:\/\/ouilleallegre.fr\/#\/schema\/logo\/image\/"},"sameAs":["https:\/\/www.instagram.com\/rencontres_ouille_allegre\/"]}]}},"_links":{"self":[{"href":"https:\/\/ouilleallegre.fr\/index.php\/wp-json\/wp\/v2\/pages\/166","targetHints":{"allow":["GET"]}}],"collection":[{"href":"https:\/\/ouilleallegre.fr\/index.php\/wp-json\/wp\/v2\/pages"}],"about":[{"href":"https:\/\/ouilleallegre.fr\/index.php\/wp-json\/wp\/v2\/types\/page"}],"author":[{"embeddable":true,"href":"https:\/\/ouilleallegre.fr\/index.php\/wp-json\/wp\/v2\/users\/1"}],"replies":[{"embeddable":true,"href":"https:\/\/ouilleallegre.fr\/index.php\/wp-json\/wp\/v2\/comments?post=166"}],"version-history":[{"count":22,"href":"https:\/\/ouilleallegre.fr\/index.php\/wp-json\/wp\/v2\/pages\/166\/revisions"}],"predecessor-version":[{"id":758,"href":"https:\/\/ouilleallegre.fr\/index.php\/wp-json\/wp\/v2\/pages\/166\/revisions\/758"}],"wp:attachment":[{"href":"https:\/\/ouilleallegre.fr\/index.php\/wp-json\/wp\/v2\/media?parent=166"}],"curies":[{"name":"wp","href":"https:\/\/api.w.org\/{rel}","templated":true}]}}